{"id":3,"date":"2020-05-26T11:07:27","date_gmt":"2020-05-26T09:07:27","guid":{"rendered":"https:\/\/www.lasdefleur.com\/shop\/?page_id=3"},"modified":"2021-04-22T03:53:46","modified_gmt":"2021-04-22T01:53:46","slug":"politique-de-confidentialite","status":"publish","type":"page","link":"https:\/\/www.lasdefleur.com\/shop\/politique-de-confidentialite\/","title":{"rendered":"Politique de confidentialit\u00e9"},"content":{"rendered":"\r\n<p><strong><u>\u00c9diteur, h\u00e9bergeur, propri\u00e9taire<\/u><\/strong><\/p>\r\n<p>Le site Internet <a href=\"http:\/\/www.lasdefleur.com\/shop\/\">www.lasdefleur.com\/shop\/<\/a> et son contenu sont la propri\u00e9t\u00e9 de l\u2019As de Fleur, 20, Rue\u00a0du 113\u00e8me\u00a0R\u00e9giment\u00a0d&rsquo;Infanterie\u00a0Fran\u00e7aise B-6750 Signeulx | TVA BE.0845.240.182<\/p>\r\n<p>La direction de la publication est assur\u00e9e par l\u2019administrateur de la soci\u00e9t\u00e9, Madame Aurore Servais.<\/p>\r\n<p>Le site Internet a \u00e9t\u00e9 con\u00e7u, <em>design\u00e9<\/em> et d\u00e9velopp\u00e9 par l\u2019agence de communication Shootlux, situ\u00e9e au 44 route d\u2019Arlon, 8552 Oberpallen, Luxembourg.<\/p>\r\n<p>Si vous constatiez une anomalie ou si vous rencontriez des probl\u00e8mes sur ce site, l\u2019utilisateur est invit\u00e9 \u00e0 en informer L\u2019As de Fleur par e-mail \u00e0 <a href=\"mailto:contact@lasdefleur.com\">contact@lasdefleur.com<\/a> ou par t\u00e9l\u00e9phone au +32 477910715.<\/p>\r\n<p>Le site Internet est h\u00e9berg\u00e9 par la soci\u00e9t\u00e9 OVH, 2 rue Kellermann BP 80157. 59100 Roubaix, FRANCE.<\/p>\r\n<p>En poursuivant sa consultation, l\u2019utilisateur accepte sans r\u00e9serve les conditions ci-apr\u00e8s.<\/p>\r\n<p>L\u2019As de Fleur se r\u00e9serve en outre la possibilit\u00e9 de modifier les conditions d\u2019utilisation du pr\u00e9sent site \u00e0 tout moment. Ainsi, L\u2019As de Fleur conseille \u00e0 tout utilisateur de consulter r\u00e9guli\u00e8rement la derni\u00e8re version des conditions d\u2019utilisation du site internet.<\/p>\r\n<p>Pour toute r\u00e9clamation, l\u2019utilisateur peut contacter l\u2019\u00e9diteur du site internet \u00e0 l\u2019adresse suivante : contact@lasdefleur.com.<\/p>\r\n<p><strong><u>Utilisation du Site Internet<\/u><\/strong><\/p>\r\n<p>L\u2019utilisateur s\u2019engage \u00e0 utiliser le site Internet en bon p\u00e8re de famille, \u00e0 ne pas porter atteinte aux droits des soci\u00e9t\u00e9s de L\u2019As de Fleur ou de leurs clients et \u00e0 ne pas leur porter pr\u00e9judice.<\/p>\r\n<p>L\u2019utilisateur s\u2019engage notamment \u00e0 ne pas nuire \u00e0 la r\u00e9putation, diffamer, injurier, harceler ou menacer L\u2019As de Fleur, un client de celle-ci ou un tiers et \u00e0 ne pas utiliser un dispositif, sous-programme ou logiciel qui pourrait nuire au bon fonctionnement du site internet.<\/p>\r\n<p><strong><u>Objet du Site internet<\/u><\/strong><\/p>\r\n<p>Le site internet de L\u2019As de Fleur a pour objet :<\/p>\r\n<ul>\r\n<li>De pr\u00e9senter la soci\u00e9t\u00e9 L\u2019As de Fleur et ses services<\/li>\r\n<li>D\u2019acheter les produits de l\u2019As de Fleur<\/li>\r\n<li>De permettre aux clients int\u00e9ress\u00e9s de s\u2019inscrire \u00e0 la newsletter L\u2019As de Fleur<\/li>\r\n<li>De contacter L\u2019As de Fleur<\/li>\r\n<li>De connaitre l\u2019actualit\u00e9 de l\u2019As de Fleur<\/li>\r\n<\/ul>\r\n<p><strong><u>Propri\u00e9t\u00e9 Intellectuelle<\/u><\/strong><\/p>\r\n<p>Le site internet ainsi que son contenu appartiennent et sont exploit\u00e9s par L\u2019As de Fleur. De mani\u00e8re non limitative, les textes, photographies, publications, documents \u00e0 t\u00e9l\u00e9charger ou toute autre cr\u00e9ation ou document original, sont prot\u00e9g\u00e9s par le droit d\u2019auteur.<\/p>\r\n<p>La soci\u00e9t\u00e9 L\u2019As de Fleur est titulaire des droits de propri\u00e9t\u00e9 intellectuelle permettant sa reproduction ou sa repr\u00e9sentation. Toute reproduction, repr\u00e9sentation, traduction, adaptation, ou citation qu\u2019elle soit int\u00e9grale ou partielle, quel qu\u2019en soit le proc\u00e9d\u00e9 d\u2019un des \u00e9l\u00e9ments susvis\u00e9s, est strictement interdite sauf en cas d\u2019autorisation \u00e9crite et pr\u00e9alable de L\u2019As de Fleur.<\/p>\r\n<p>Toute utilisation du contenu du site internet ou de tout autre \u00e9l\u00e9ment composant le site internet n\u00e9cessite l\u2019autorisation \u00e9crite et pr\u00e9alable de L\u2019As de Fleur.<\/p>\r\n<p><strong><u>Acc\u00e8s au Site Internet<\/u><\/strong><\/p>\r\n<p>L\u2019As de Fleur veille \u00e0 la disponibilit\u00e9 du site Internet. Cependant, L\u2019As de Fleur ne saurait \u00eatre responsable d\u2019une indisponibilit\u00e9 temporaire du site Internet pour cause de maintenance ou d\u2019am\u00e9liorations op\u00e9r\u00e9es sur celui-ci, ou pour des raisons techniques qui ne lui sont pas imputables. L\u2019As de Fleur se r\u00e9serve le droit de refuser \u00e0 l\u2019utilisateur l\u2019acc\u00e8s au site Internet \u00e0 tout moment et sans pr\u00e9avis.<\/p>\r\n<p><strong><u>Lien vers d\u2019autres sites internet<\/u><\/strong><\/p>\r\n<p>Le site internet peut contenir des liens vers des sites internet externes susceptibles de vous int\u00e9resser.<\/p>\r\n<p>La responsabilit\u00e9 de L\u2019As de Fleur ne saurait \u00eatre engag\u00e9e quant au contenu de l\u2019un de ces sites internet tiers auquel vous auriez eu acc\u00e8s via le site internet.<\/p>\r\n<p>L\u2019As de Fleur ne dispose d\u2019aucun moyen de contr\u00f4le du contenu de ces sites tiers qui demeurent totalement ind\u00e9pendants de L\u2019As de Fleur.<\/p>\r\n<p>De surcro\u00eet, l\u2019existence d\u2019un lien entre le site internet et un site tiers ne signifie en aucun cas que L\u2019As de Fleur approuve \u00e0 quelque titre que ce soit le contenu de ce site et a fortiori l\u2019usage qui pourrait en \u00eatre fait.<\/p>\r\n<p><strong><u>GDPR<\/u><\/strong><\/p>\r\n<ul>\r\n<li>Organe comp\u00e9tent et droits de la personne concern\u00e9e\u00a0:<\/li>\r\n<\/ul>\r\n<p>L\u2019organe comp\u00e9tent pour la saisie, le traitement et l\u2019utilisation de vos donn\u00e9es \u00e0 caract\u00e8re personnel est la soci\u00e9t\u00e9 \u00ab L\u2019AS DE FLEUR\u00a0\u00bb (ci-apr\u00e8s : L\u2019As de Fleur). Vous pouvez joindre L\u2019As de Fleur dans sa qualit\u00e9 d\u2019organe comp\u00e9tent aux coordonn\u00e9es suivantes :<\/p>\r\n<p>Par courrier : l\u2019As de Fleur 20, Rue\u00a0du 113\u00e8me\u00a0R\u00e9giment\u00a0d&rsquo;Infanterie\u00a0Fran\u00e7aise &#8211; B-6750 Signeulx<\/p>\r\n<p>Par e-mail : <a href=\"mailto:contact@lasdefleur.com\">contact@lasdefleur.com<\/a><\/p>\r\n<p>Vous pouvez \u00e0 tout moment et gratuitement conna\u00eetre les donn\u00e9es enregistr\u00e9es chez nous et demander leur rectification, leur blocage ou leur suppression. \u00c0 cette fin, veuillez prendre contact aux coordonn\u00e9es ci-dessus.<\/p>\r\n<p>&nbsp;<\/p>\r\n<p>Si vous souhaitez vous opposer \u00e0 la saisie, au traitement ou \u00e0 l\u2019utilisation totale ou partielle de vos donn\u00e9es par L\u2019AS DE FLEUR conform\u00e9ment \u00e0 la pr\u00e9sente politique de protection des donn\u00e9es, vous pouvez adresser votre opposition par e-mail ou par courrier aux coordonn\u00e9es ci-dessus.<\/p>\r\n<ul>\r\n<li>Saisie, traitement et utilisation des donn\u00e9es \u00e0 caract\u00e8re personnel\u00a0:<\/li>\r\n<\/ul>\r\n<p>Les donn\u00e9es \u00e0 caract\u00e8re personnel sont des indications concr\u00e8tes ou personnelles relatives \u00e0 une personne physique d\u00e9termin\u00e9e ou d\u00e9terminable. Il s\u2019agit par exemple de votre nom, de votre num\u00e9ro de t\u00e9l\u00e9phone, de votre adresse, ainsi que de toutes les donn\u00e9es de base que vous indiquez lors de votre inscription et de la cr\u00e9ation de votre compte client.<\/p>\r\n<ul>\r\n<li>Consentement \u00e0 la politique de protection des donn\u00e9es :<\/li>\r\n<\/ul>\r\n<p>Vous devez uniquement indiquer votre adresse de facturation et de livraison si vous passez une commande. Pour traiter votre commande, nous avons besoin de votre nom, de votre adresse, d\u2019un num\u00e9ro de t\u00e9l\u00e9phone et de vos donn\u00e9es de paiement corrects. Nous avons besoin de votre adresse \u00e9lectronique pour pouvoir confirmer la r\u00e9ception de votre commande et son exp\u00e9dition, et plus g\u00e9n\u00e9ralement pour communiquer avec vous. De plus, nous utilisons votre adresse \u00e9lectronique pour votre identification (comme identifiant de connexion) lorsque vous vous connectez \u00e0 votre compte client. Le num\u00e9ro de t\u00e9l\u00e9phone est de pr\u00e9f\u00e9rence un GSM afin de pouvoir vous envoyer des notifications de suivi de votre livraison.<\/p>\r\n<ul>\r\n<li>Saisie, traitement et utilisation de vos donn\u00e9es \u00e0 caract\u00e8re personnel :<\/li>\r\n<\/ul>\r\n<p>Nous saisissons, enregistrons et traitons vos donn\u00e9es pour l\u2019ensemble du processus d\u2019achat, y compris pour les \u00e9ventuelles garanties ult\u00e9rieures, pour nos services (par exemple : \u00ab Mes pr\u00e9f\u00e9rences \u00bb), l\u2019administration technique, le service client, \u00e0 des fins marketings propres \u00e0 notre soci\u00e9t\u00e9, ainsi que pour lutter contre les infractions et les fraudes. Vos donn\u00e9es \u00e0 caract\u00e8re personnel seront uniquement transmises \u00e0 des tiers si la loi l\u2019autorise, y compris aux fins d\u2019ex\u00e9cution du contrat, aux fins de facturation, \u00e0 des fins marketings ou si vous y avez consenti auparavant. Dans le cadre de l\u2019ex\u00e9cution de la commande, les prestataires auxquels nous faisons appel (tels que le transporteur, les logisticiens, les banques) re\u00e7oivent par exemple, de notre part, les donn\u00e9es n\u00e9cessaires \u00e0 l\u2019ex\u00e9cution de la commande et du contrat.<\/p>\r\n<p>Nos prestataires peuvent uniquement utiliser les donn\u00e9es ainsi transmises pour l\u2019ex\u00e9cution de leur mission.<\/p>\r\n<ul>\r\n<li>Utilisation de vos donn\u00e9es \u00e0 des fins publicitaires :<\/li>\r\n<\/ul>\r\n<p>Outre le traitement de vos donn\u00e9es pour le processus d\u2019achat sur L\u2019AS DE FLEUR, nous utilisons \u00e9galement vos donn\u00e9es aux fins suivantes : pour am\u00e9liorer sans cesse votre exp\u00e9rience d\u2019achat, la rendre plus conviviale et personnelle, pour communiquer avec vous concernant vos commandes, certains produits en particulier ou des actions marketing, et pour vous sugg\u00e9rer des produits ou des services susceptibles de vous int\u00e9resser.<\/p>\r\n<p>\u00c0 cette fin, nous utilisons les informations dont nous disposons, telles que les confirmations de r\u00e9ception ou de lecture des e-mails, les informations relatives \u00e0 l\u2019appareil que vous utilisez, votre connexion \u00e0 internet, le syst\u00e8me d\u2019exploitation et la plateforme, la date et l\u2019heure de votre visite du site, les produits que vous avez consult\u00e9s, ainsi que les informations que vous nous avez envoy\u00e9es (y compris les informations transmises ou g\u00e9n\u00e9r\u00e9es automatiquement). Nous utilisons \u00e9galement l\u2019historique de vos commandes.<\/p>\r\n<p>&nbsp;<\/p>\r\n<p>Vous pouvez \u00e0 tout moment vous opposer \u00e0 l\u2019utilisation de vos donn\u00e9es \u00e0 caract\u00e8re personnel \u00e0 des fins publicitaires en tout ou en partie sans payer d\u2019autres frais que les frais de transmission aux tarifs de base. Une notification sous forme de texte adress\u00e9e aux coordonn\u00e9es mentionn\u00e9es au paragraphe 1 (par ex. par e-mail ou courrier) suffit.<\/p>\r\n<p>Pour envoyer la newsletter, nous utilisons l\u2019adresse \u00e9lectronique que vous avez indiqu\u00e9e et nous avons besoin, \u00e0 cette fin, que vous confirmiez, en qualit\u00e9 de d\u00e9tenteur de l\u2019adresse \u00e9lectronique, consentir \u00e0 la r\u00e9ception de la newsletter.<\/p>\r\n<p>Si vous ne souhaitez plus recevoir de newsletters \u00e0 l\u2019avenir, vous pouvez vous y opposer \u00e0 tout moment, sans payer d\u2019autres frais que les frais de transmission aux tarifs de base. Une notification sous forme de texte adress\u00e9e aux coordonn\u00e9es mentionn\u00e9es au paragraphe 1 (par ex. par e-mail ou courrier) suffit. Bien entendu, vous trouverez un lien de d\u00e9sinscription dans chacune des newsletters.<\/p>\r\n<ul>\r\n<li>Cookies :<\/li>\r\n<\/ul>\r\n<p>Vous n\u2019\u00eates pas tenus d\u2019accepter les cookies pour aller sur notre site. Toutefois, nous vous signalons que le fonctionnement de notre site et de nos services est limit\u00e9 si vous ne nous permettez pas de d\u00e9poser des cookies.<\/p>\r\n<ul>\r\n<li>Que sont les cookies ?<\/li>\r\n<\/ul>\r\n<p>Les cookies sont de petits fichiers enregistr\u00e9s sur votre support de donn\u00e9es qui enregistrent certains param\u00e9trages et certaines donn\u00e9es pour permettre des \u00e9changes avec notre syst\u00e8me via votre navigateur. En principe, on distingue 2 types de cookies : les cookies de session qui s\u2019effacent d\u00e8s que vous fermez votre navigateur et les cookies temporaires \/ permanents qui sont enregistr\u00e9s pour une p\u00e9riode de temps plus longue ou en permanence sur votre support de donn\u00e9es. Cet enregistrement nous permet d\u2019am\u00e9nager notre site et nos offres en cons\u00e9quence et de faciliter votre utilisation en enregistrant, par exemple, certaines donn\u00e9es, vous \u00e9vitant ainsi de les saisir en permanence.<\/p>\r\n<ul>\r\n<li>Quels sont les cookies utilis\u00e9s par L\u2019AS DE FLEUR ?<\/li>\r\n<\/ul>\r\n<p>La plupart des cookies que nous utilisons sont supprim\u00e9s automatiquement de votre disque dur lorsque vous quittez votre navigateur (fin de la session, d\u2019o\u00f9 cookies dits de session). Les cookies de session servent, par exemple, \u00e0 vous proposer la fonction panier sur plusieurs pages. En outre, nous utilisons \u00e9galement des cookies install\u00e9s sur votre disque dur. Lors de votre prochaine visite, vous serez automatiquement reconnus, ainsi que les saisies et les param\u00e9trages que vous pr\u00e9f\u00e9rez. Ces cookies temporaires et permanents (dur\u00e9e d\u2019un mois \u00e0 10 ans) sont enregistr\u00e9s sur votre disque dur et s\u2019effacent d\u2019eux-m\u00eames apr\u00e8s la p\u00e9riode d\u00e9finie. Ces cookies notamment servent \u00e0 rendre notre site plus accueillant, plus efficace et plus s\u00fbr. Les cookies servent exclusivement \u00e0 adapter au mieux notre offre aux souhaits des clients et \u00e0 vous permettre de surfer le plus confortablement possible sur notre site.<\/p>\r\n<ul>\r\n<li>Quelles sont les donn\u00e9es enregistr\u00e9es dans les cookies ?<\/li>\r\n<\/ul>\r\n<p>Seules des donn\u00e9es pseudonymes sont enregistr\u00e9es dans les cookies utilis\u00e9s par L\u2019AS DE FLEUR. Lors de l\u2019activation du cookie, un num\u00e9ro d\u2019identification lui est attribu\u00e9 et vos donn\u00e9es \u00e0 caract\u00e8re personnel ne sont aucunement affect\u00e9es \u00e0 ce num\u00e9ro d\u2019identification. Votre nom, votre adresse IP ou toute donn\u00e9e similaire permettant une affectation directe du cookie \u00e0 votre personne ne sont pas d\u00e9pos\u00e9s sur le cookie. Sur la base de la technologie des cookies, nous recevons uniquement des informations pseudonymis\u00e9es, s\u2019agissant par exemple des pages de notre boutique que vous avez consult\u00e9es, des produits que vous avez regard\u00e9s, etc.<\/p>\r\n<p>Y a-t-il \u00e9galement des cookies d\u2019autres fournisseurs ?<\/p>\r\n<p>L\u2019AS DE FLEUR fait appel \u00e0 certains partenaires publicitaires qui nous aident \u00e0 rendre l\u2019offre internet et le site web plus int\u00e9ressants. Ainsi, des cookies d\u2019entreprises partenaires sont \u00e9galement enregistr\u00e9s sur votre disque dur lorsque vous venez sur notre site. Il s\u2019agit de cookies temporaires \/ permanents qui s\u2019effacent automatiquement au terme de la p\u00e9riode d\u00e9finie. Ces cookies temporaires et permanents (dur\u00e9e de 14 jours \u00e0 10 ans) sont enregistr\u00e9s sur votre disque dur et s\u2019effacent d\u2019eux-m\u00eames apr\u00e8s la p\u00e9riode d\u00e9finie. M\u00eame les cookies de nos entreprises partenaires contiennent uniquement des donn\u00e9es pseudonymes, voire m\u00eame la plupart du temps anonymes. Il s\u2019agit par exemple de donn\u00e9es relatives aux produits que vous avez consult\u00e9s, si vous achetez achet\u00e9 quelque chose, quels produits ont \u00e9t\u00e9 recherch\u00e9s, etc. Certains de nos partenaires publicitaires saisissent \u00e9galement, en dehors de l\u2019activit\u00e9 sur le site, des informations sur les pages consult\u00e9es auparavant ou sur les produits qui vous ont int\u00e9ress\u00e9s, afin de pouvoir vous montrer une publicit\u00e9 correspondant le mieux possible \u00e0 vos int\u00e9r\u00eats.<\/p>\r\n<ul>\r\n<li>Retargeting\u00a0:<\/li>\r\n<\/ul>\r\n<p>Notre site utilise des technologies dites de retargeting. Nous utilisons ces technologies pour que l\u2019offre en ligne soit plus int\u00e9ressante. Cette technique permet de pr\u00e9senter de la publicit\u00e9 sur les sites de nos partenaires aux internautes qui se sont d\u00e9j\u00e0 int\u00e9ress\u00e9s \u00e0 notre boutique et \u00e0 nos produits. Nous sommes convaincus que l\u2019insertion de publicit\u00e9 personnalis\u00e9e en fonction des int\u00e9r\u00eats est plus int\u00e9ressante pour les internautes que la publicit\u00e9 sans caract\u00e8re personnel. L\u2019insertion de ces supports publicitaires sur les sites de nos partenaires s\u2019effectue sur la base d\u2019une technologie de cookies et d\u2019une analyse de votre comportement ant\u00e9rieur. Cette forme de publicit\u00e9 s\u2019effectue de mani\u00e8re parfaitement pseudonyme. Lors de l\u2019utilisation de notre site, des cookies sont d\u00e9pos\u00e9s afin de saisir, enregistrer et utiliser des donn\u00e9es d\u2019utilisation. En outre, vos donn\u00e9es restent enregistr\u00e9es dans les cookies lorsque vous quittez votre navigateur afin de pouvoir \u00eatre r\u00e9utilis\u00e9es lors de votre prochaine visite du site.<\/p>\r\n<ul>\r\n<li>Comment emp\u00eacher l\u2019enregistrement de cookies ?<\/li>\r\n<\/ul>\r\n<p>Vous pouvez param\u00e9trer votre navigateur de sorte que l\u2019enregistrement de cookies soit soumis \u00e0 votre autorisation et de mani\u00e8re \u00e0 emp\u00eacher que d\u2019autres cookies soient d\u00e9pos\u00e9s \u00e0 l\u2019avenir. Si vous souhaitez uniquement accepter les cookies de L\u2019AS DE FLEUR, mais pas ceux de nos prestataires et partenaires, vous pouvez s\u00e9lectionner \u00ab Bloquer les cookies de tiers \u00bb dans votre navigateur.<\/p>\r\n<p>En r\u00e8gle g\u00e9n\u00e9rale, la fonction assistance de la barre de menu de votre navigateur vous indique comment refuser les nouveaux cookies et bloquer les cookies d\u00e9j\u00e0 re\u00e7us.<\/p>\r\n<ul>\r\n<li>Fichiers journaux\u00a0:<\/li>\r\n<\/ul>\r\n<p>Tout acc\u00e8s au site de L\u2019AS DE FLEUR entra\u00eene la transmission, par le navigateur, de donn\u00e9es d\u2019utilisation qui seront enregistr\u00e9es dans des fichiers journaux, les fichiers journaux dits de serveur. Les blocs de donn\u00e9es enregistr\u00e9s contiennent les donn\u00e9es suivantes : date et heure de la consultation, nom du site consult\u00e9, adresse IP, referrer URL (URL d\u2019origine \u00e0 partir de laquelle vous \u00eates venus sur le site), volume de donn\u00e9es transf\u00e9r\u00e9es, produit et informations sur la version du navigateur utilis\u00e9.<\/p>\r\n<p>Nous analysons ces blocs de donn\u00e9es contenus dans les fichiers journaux afin d\u2019am\u00e9liorer notre offre et la boutique L\u2019AS DE FLEUR et de les rendre plus accueillantes, de trouver plus rapidement les erreurs et d\u2019y rem\u00e9dier, et de g\u00e9rer les capacit\u00e9s du serveur. Dans le m\u00eame temps, nous utilisons les blocs de donn\u00e9es contenus dans les fichiers journaux pour bloquer les attaques sur notre boutique L\u2019AS DE FLEUR, par exemple les attaques dites par d\u00e9ni de service qui visent \u00e0 bloquer l\u2019acc\u00e8s \u00e0 notre boutique L\u2019AS DE FLEUR en la surchargeant de demandes.<\/p>\r\n<ul>\r\n<li>Analyse web\u00a0:<\/li>\r\n<\/ul>\r\n<p>Afin d\u2019am\u00e9liorer et d\u2019optimiser sans cesse notre offre, nous utilisons des technologies dites de tracking. \u00c0 cet effet, nous utilisons les services de Google Analytics.<\/p>\r\n<ul>\r\n<li>Google Analytics\u00a0:<\/li>\r\n<\/ul>\r\n<p>Ce site utilise Google Analytics (Universal), un service d\u2019analyse de sites internet fourni par Google Inc. (www.google.de). Google (Universal) Analytics utilise des m\u00e9thodes qui permettent une analyse de votre utilisation du site, par exemple avec des \u00ab cookies \u00bb, fichiers textes enregistr\u00e9s sur votre ordinateur. Les informations g\u00e9n\u00e9r\u00e9es relatives \u00e0 votre utilisation du site sont en r\u00e8gle g\u00e9n\u00e9rale transmises et stock\u00e9es sur un serveur Google situ\u00e9 aux \u00c9tats-Unis. Par l\u2019activation de l\u2019anonymisation de l\u2019IP sur ce site, l\u2019adresse IP est abr\u00e9g\u00e9e avant la transmission dans les \u00c9tats membres de l\u2019Union europ\u00e9enne ou de l\u2019Espace \u00e9conomique europ\u00e9en. L\u2019adresse IP compl\u00e8te n\u2019est transmise que dans des cas exceptionnels \u00e0 un serveur de Google aux \u00c9tats-Unis o\u00f9 elle sera alors abr\u00e9g\u00e9e. L\u2019adresse IP anonym\u00e9e transmise par votre navigateur dans le cadre du service Google Analytics n\u2019est pas recoup\u00e9e avec d\u2019autres donn\u00e9es d\u00e9tenues par Google.<\/p>\r\n<p>Vous pouvez emp\u00eacher la saisie et le traitement par Google des donn\u00e9es g\u00e9n\u00e9r\u00e9es par le cookie concernant votre utilisation du site (y compris votre adresse IP) en t\u00e9l\u00e9chargeant et en installant le plugin disponible sous le lien suivant. http:\/\/tools.google.com\/dlpage\/gaoptout?hl=fr.<\/p>\r\n<p>Au lieu d\u2019installer le plugin, vous pouvez cliquer sur ce lien afin d\u2019emp\u00eacher, \u00e0 l\u2019avenir, la saisie sur ce site par Google Analytics. Un cookie d\u2019opt-out sera alors d\u00e9pos\u00e9 sur votre appareil. Si vous supprimez les cookies, vous devrez \u00e0 nouveau cliquer sur ce lien.<\/p>\r\n<p>Retargeting et saisie de donn\u00e9es par des tiers pour les bandeaux publicitaires<\/p>\r\n<p>Pour le retargeting et les bandeaux publicitaires, nous utilisons les services de tiers qui d\u00e9posent des cookies sur notre site. Il s\u2019agit ici des fournisseurs suivants :<\/p>\r\n<p>Facebook Inc., 1601 S. California Ave, Palo Alto, CA 94304, USA ; https:\/\/www.facebook.com\/about\/privacy<\/p>\r\n<ul>\r\n<li>Transmission s\u00e9curis\u00e9e des donn\u00e9es\u00a0:<\/li>\r\n<\/ul>\r\n<p>Nous transmettons vos donn\u00e9es personnelles en les cryptant. Ceci s\u2019applique \u00e9galement \u00e0 votre commande et \u00e0 votre connexion client. \u00c0 cette fin, nous utilisons le syst\u00e8me de codage TLS (Transport Layer Security) ou SSL (Secure Socket Layer).<\/p>\r\n<p>En outre, nous s\u00e9curisons notre site et autres syst\u00e8mes \u00e0 l\u2019aide de mesures techniques et organisationnelles contre la perte, la destruction, l\u2019acc\u00e8s, la modification ou la diffusion de vos donn\u00e9es par toute personne non autoris\u00e9e.<\/p>\r\n<p><strong><u>Contact<\/u><\/strong><\/p>\r\n<p>Vous pouvez nous contacter \u00e0 l\u2019adresse \u00e9lectronique <a href=\"mailto:contact@lasdefleur.com\">contact@lasdefleur.com<\/a> pour toute demande de renseignements ou au num\u00e9ro de t\u00e9l\u00e9phone suivant : +32 477910715.<\/p>\r\n<p><strong><u>Loi applicable<\/u><\/strong><\/p>\r\n<p>Tout litige relatif au Site internet, sa consultation ou son utilisation par l\u2019utilisateur sera soumis \u00e0 la loi belge et rel\u00e8vera de la comp\u00e9tence des tribunaux belges.<\/p>\r\n\r\n\r\n","protected":false},"excerpt":{"rendered":"<p>\u00c9diteur, h\u00e9bergeur, propri\u00e9taire Le site Internet www.lasdefleur.com\/shop\/ et son contenu sont la propri\u00e9t\u00e9 de l\u2019As de Fleur, 20, Rue\u00a0du 113\u00e8me\u00a0R\u00e9giment\u00a0d&rsquo;Infanterie\u00a0Fran\u00e7aise B-6750 Signeulx | TVA BE.0845.240.182 La direction de la publication est assur\u00e9e par l\u2019administrateur de la soci\u00e9t\u00e9, Madame Aurore Servais. Le site Internet a \u00e9t\u00e9 con\u00e7u, design\u00e9 et d\u00e9velopp\u00e9 par l\u2019agence de communication Shootlux, situ\u00e9e [&hellip;]<\/p>\n","protected":false},"author":1,"featured_media":0,"parent":0,"menu_order":0,"comment_status":"closed","ping_status":"open","template":"","meta":{"footnotes":""},"class_list":["post-3","page","type-page","status-publish","hentry"],"_links":{"self":[{"href":"https:\/\/www.lasdefleur.com\/shop\/wp-json\/wp\/v2\/pages\/3","targetHints":{"allow":["GET"]}}],"collection":[{"href":"https:\/\/www.lasdefleur.com\/shop\/wp-json\/wp\/v2\/pages"}],"about":[{"href":"https:\/\/www.lasdefleur.com\/shop\/wp-json\/wp\/v2\/types\/page"}],"author":[{"embeddable":true,"href":"https:\/\/www.lasdefleur.com\/shop\/wp-json\/wp\/v2\/users\/1"}],"replies":[{"embeddable":true,"href":"https:\/\/www.lasdefleur.com\/shop\/wp-json\/wp\/v2\/comments?post=3"}],"version-history":[{"count":4,"href":"https:\/\/www.lasdefleur.com\/shop\/wp-json\/wp\/v2\/pages\/3\/revisions"}],"predecessor-version":[{"id":7661,"href":"https:\/\/www.lasdefleur.com\/shop\/wp-json\/wp\/v2\/pages\/3\/revisions\/7661"}],"wp:attachment":[{"href":"https:\/\/www.lasdefleur.com\/shop\/wp-json\/wp\/v2\/media?parent=3"}],"curies":[{"name":"wp","href":"https:\/\/api.w.org\/{rel}","templated":true}]}}