{"id":3298,"date":"2017-09-13T02:12:14","date_gmt":"2017-09-13T02:12:14","guid":{"rendered":"http:\/\/dummy.jmsthemes.com\/adiva\/?page_id=4"},"modified":"2025-02-17T19:57:09","modified_gmt":"2025-02-17T18:57:09","slug":"home-1","status":"publish","type":"page","link":"https:\/\/www.lasdefleur.com\/shop\/","title":{"rendered":"Accueil"},"content":{"rendered":"<p>[vc_row css_animation=\u00a0\u00bbfadeIn\u00a0\u00bb fullwidth=\u00a0\u00bbyes\u00a0\u00bb][vc_column width=\u00a0\u00bb1\/5&Prime;]\n\t\t<div class=\"banner-box pr oh pa-bg banner-hover-zoom banner-vertical-bottom wpb_animate_when_almost_visible wpb_none wpb_start_animation none\" onclick=\"window.location.href='https:\/\/www.lasdefleur.com\/shop\/bouquets\/'\">\n\t\t\t\t\t\t\t<div class=\"banner-image\">\n\t\t\t\t\t\t\t\t\t\t<img loading=\"lazy\" decoding=\"async\" src=\"https:\/\/www.lasdefleur.com\/shop\/wp-content\/uploads\/2024\/02\/LAS-d.png\" width=\"500\" height=\"500\" alt=\"\" \/>\n\t\t\t\t<\/div>\n\t\t\t\n\t\t\t\t\t<\/div>\n\n\t\t[\/vc_column][vc_column width=\u00a0\u00bb1\/5&Prime;]\n\t\t<div class=\"banner-box pr oh pa-bg banner-hover-zoom banner-vertical-bottom wpb_animate_when_almost_visible wpb_none wpb_start_animation none\" onclick=\"window.location.href='https:\/\/www.lasdefleur.com\/shop\/plantes\/'\">\n\t\t\t\t\t\t\t<div class=\"banner-image\">\n\t\t\t\t\t\t\t\t\t\t<img loading=\"lazy\" decoding=\"async\" src=\"https:\/\/www.lasdefleur.com\/shop\/wp-content\/uploads\/2024\/02\/LAS-d1.png\" width=\"500\" height=\"500\" alt=\"\" \/>\n\t\t\t\t<\/div>\n\t\t\t\n\t\t\t\t\t<\/div>\n\n\t\t[\/vc_column][vc_column width=\u00a0\u00bb1\/5&Prime;]\n\t\t<div class=\"banner-box pr oh pa-bg banner-hover-zoom banner-vertical-bottom wpb_animate_when_almost_visible wpb_none wpb_start_animation none\" onclick=\"window.location.href='https:\/\/www.lasdefleur.com\/shop\/boutique\/bouquets\/carte-cadeau\/'\">\n\t\t\t\t\t\t\t<div class=\"banner-image\">\n\t\t\t\t\t\t\t\t\t\t<img loading=\"lazy\" decoding=\"async\" src=\"https:\/\/www.lasdefleur.com\/shop\/wp-content\/uploads\/2024\/02\/LAS-d5.png\" width=\"500\" height=\"500\" alt=\"\" \/>\n\t\t\t\t<\/div>\n\t\t\t\n\t\t\t\t\t<\/div>\n\n\t\t[\/vc_column][vc_column width=\u00a0\u00bb1\/5&Prime;][\/vc_column][\/vc_row][vc_row css=\u00a0\u00bb.vc_custom_1519263919198{margin-bottom: 52px !important;}\u00a0\u00bb][vc_column]\n        <div class=\"adiva-products\">\n            \n                                                <div class=\"product-layout-wrapper\">\n\t<div class=\"wc-loading w-30\"><\/div>\n\t<div class=\"products product-layout clearfix wc-product-masonry product-spacing-20 grid-columns-6\" data-masonry='{\"selector\":\".product-design-grid\",\"layoutMode\":\"fitRows\",\"columnWidth\":\".product-design-grid\"}'>\n                \n    \t\t\t\t\n    \t\t\t\t\t\n<div class=\"product-item product-design-grid product-style-1 hover-image-load post-3429 product type-product status-publish has-post-thumbnail product_cat-bouquets product_cat-page-daccueil first instock taxable shipping-taxable purchasable product-type-variable\">\n\t\n<div class=\"product-box product-preset-2e2e2e\">\n\t<div class=\"product-thumb pr oh\">\n\t\t<a href=\"https:\/\/www.lasdefleur.com\/shop\/boutique\/bouquets\/bouquet-mystere\/\" class=\"woocommerce-LoopProduct-link woocommerce-loop-product__link\"><img loading=\"lazy\" decoding=\"async\" width=\"250\" height=\"250\" src=\"https:\/\/www.lasdefleur.com\/shop\/wp-content\/uploads\/2021\/09\/243158354_2998342480451690_9112799270283922937_n.jpg\" class=\"attachment-shop_catalog size-shop_catalog\" alt=\"Bouquet myst\u00e8re\" srcset=\"https:\/\/www.lasdefleur.com\/shop\/wp-content\/uploads\/2021\/09\/243158354_2998342480451690_9112799270283922937_n.jpg 250w, https:\/\/www.lasdefleur.com\/shop\/wp-content\/uploads\/2021\/09\/243158354_2998342480451690_9112799270283922937_n-100x100.jpg 100w, https:\/\/www.lasdefleur.com\/shop\/wp-content\/uploads\/2021\/09\/243158354_2998342480451690_9112799270283922937_n-150x150.jpg 150w\" sizes=\"auto, (max-width: 250px) 100vw, 250px\" \/><\/a>\n\t\t<ul class=\"product-btn in-thumb flex\">\n\t\t\t\t\t\t\t<li><a href=\"https:\/\/www.lasdefleur.com\/shop\/boutique\/bouquets\/bouquet-mystere\/\" data-quantity=\"1\" class=\"button-cart button product_type_variable add_to_cart_button\" data-product_id=\"3429\" data-product_sku=\"\" aria-label=\"S\u00e9lectionner les options pour &ldquo;Bouquet myst\u00e8re&rdquo;\" rel=\"nofollow\"><span class=\"tooltip\">Choix des options<\/span><\/a><\/li>\n\t\t\t\n\t\t\t\t\t<\/ul>\n\t<\/div>\n\n\t<div class=\"product-info\">\n\t\t<div class=\"product-cat\"> <a href=\"https:\/\/www.lasdefleur.com\/shop\/product-category\/bouquets\/\" rel=\"tag\">Bouquets<\/a>, <a href=\"https:\/\/www.lasdefleur.com\/shop\/product-category\/page-daccueil\/\" rel=\"tag\">Page d'accueil<\/a><\/div>\n\t\t<a href=\"https:\/\/www.lasdefleur.com\/shop\/boutique\/bouquets\/bouquet-mystere\/\" class=\"woocommerce-LoopProduct-link woocommerce-loop-product__link\">Bouquet myst\u00e8re<\/a>\n\t\t\n\t<span class=\"price\">A partir de <span class=\"woocommerce-Price-amount amount\"><bdi>40,00&nbsp;<span class=\"woocommerce-Price-currencySymbol\">&euro;<\/span><\/bdi><\/span><\/span>\n\n\t<\/div>\n\n<\/div>\n<\/div>\n\n    \t\t\t\t\n    \t\t\t\t\t\n<div class=\"product-item product-design-grid product-style-1 hover-image-load post-3402 product type-product status-publish has-post-thumbnail product_cat-bouquets product_cat-page-daccueil  instock taxable shipping-taxable purchasable product-type-variable\">\n\t\n<div class=\"product-box product-preset-2e2e2e\">\n\t<div class=\"product-thumb pr oh\">\n\t\t<a href=\"https:\/\/www.lasdefleur.com\/shop\/boutique\/bouquets\/bouquet-pure\/\" class=\"woocommerce-LoopProduct-link woocommerce-loop-product__link\"><img loading=\"lazy\" decoding=\"async\" width=\"1709\" height=\"1707\" src=\"https:\/\/www.lasdefleur.com\/shop\/wp-content\/uploads\/2025\/04\/54480679359_032d781a11_o-scaled-e1745959766503.jpg\" class=\"attachment-shop_catalog size-shop_catalog\" alt=\"Bouquet Pure\" srcset=\"https:\/\/www.lasdefleur.com\/shop\/wp-content\/uploads\/2025\/04\/54480679359_032d781a11_o-scaled-e1745959766503.jpg 1709w, https:\/\/www.lasdefleur.com\/shop\/wp-content\/uploads\/2025\/04\/54480679359_032d781a11_o-scaled-e1745959766503-300x300.jpg 300w, https:\/\/www.lasdefleur.com\/shop\/wp-content\/uploads\/2025\/04\/54480679359_032d781a11_o-scaled-e1745959766503-1024x1024.jpg 1024w, https:\/\/www.lasdefleur.com\/shop\/wp-content\/uploads\/2025\/04\/54480679359_032d781a11_o-scaled-e1745959766503-150x150.jpg 150w, https:\/\/www.lasdefleur.com\/shop\/wp-content\/uploads\/2025\/04\/54480679359_032d781a11_o-scaled-e1745959766503-768x767.jpg 768w, https:\/\/www.lasdefleur.com\/shop\/wp-content\/uploads\/2025\/04\/54480679359_032d781a11_o-scaled-e1745959766503-1536x1534.jpg 1536w, https:\/\/www.lasdefleur.com\/shop\/wp-content\/uploads\/2025\/04\/54480679359_032d781a11_o-scaled-e1745959766503-450x450.jpg 450w, https:\/\/www.lasdefleur.com\/shop\/wp-content\/uploads\/2025\/04\/54480679359_032d781a11_o-scaled-e1745959766503-600x599.jpg 600w, https:\/\/www.lasdefleur.com\/shop\/wp-content\/uploads\/2025\/04\/54480679359_032d781a11_o-scaled-e1745959766503-100x100.jpg 100w\" sizes=\"auto, (max-width: 1709px) 100vw, 1709px\" \/><\/a>\n\t\t<ul class=\"product-btn in-thumb flex\">\n\t\t\t\t\t\t\t<li><a href=\"https:\/\/www.lasdefleur.com\/shop\/boutique\/bouquets\/bouquet-pure\/\" data-quantity=\"1\" class=\"button-cart button product_type_variable add_to_cart_button\" data-product_id=\"3402\" data-product_sku=\"\" aria-label=\"S\u00e9lectionner les options pour &ldquo;Bouquet Pure&rdquo;\" rel=\"nofollow\"><span class=\"tooltip\">Choix des options<\/span><\/a><\/li>\n\t\t\t\n\t\t\t\t\t<\/ul>\n\t<\/div>\n\n\t<div class=\"product-info\">\n\t\t<div class=\"product-cat\"> <a href=\"https:\/\/www.lasdefleur.com\/shop\/product-category\/bouquets\/\" rel=\"tag\">Bouquets<\/a>, <a href=\"https:\/\/www.lasdefleur.com\/shop\/product-category\/page-daccueil\/\" rel=\"tag\">Page d'accueil<\/a><\/div>\n\t\t<a href=\"https:\/\/www.lasdefleur.com\/shop\/boutique\/bouquets\/bouquet-pure\/\" class=\"woocommerce-LoopProduct-link woocommerce-loop-product__link\">Bouquet Pure<\/a>\n\t\t\n\t<span class=\"price\">A partir de <span class=\"woocommerce-Price-amount amount\"><bdi>40,00&nbsp;<span class=\"woocommerce-Price-currencySymbol\">&euro;<\/span><\/bdi><\/span><\/span>\n\n\t<\/div>\n\n<\/div>\n<\/div>\n\n    \t\t\t\t\n    \t\t\t\t\t\n    \t\t\t\t\n    \t\t\t\t\t\n<div class=\"product-item product-design-grid product-style-1 hover-image-load post-3749 product type-product status-publish has-post-thumbnail product_cat-page-daccueil product_cat-plantes  instock taxable shipping-taxable purchasable product-type-simple\">\n\t\n<div class=\"product-box product-preset-2e2e2e\">\n\t<div class=\"product-thumb pr oh\">\n\t\t<a href=\"https:\/\/www.lasdefleur.com\/shop\/boutique\/page-daccueil\/orchidee-simple-son-pot\/\" class=\"woocommerce-LoopProduct-link woocommerce-loop-product__link\"><img loading=\"lazy\" decoding=\"async\" width=\"1300\" height=\"1300\" src=\"https:\/\/www.lasdefleur.com\/shop\/wp-content\/uploads\/2024\/02\/ORCHI_L-e1707165384117.jpg\" class=\"attachment-shop_catalog size-shop_catalog\" alt=\"Orchid\u00e9e + son pot\" srcset=\"https:\/\/www.lasdefleur.com\/shop\/wp-content\/uploads\/2024\/02\/ORCHI_L-e1707165384117.jpg 1300w, https:\/\/www.lasdefleur.com\/shop\/wp-content\/uploads\/2024\/02\/ORCHI_L-e1707165384117-300x300.jpg 300w, https:\/\/www.lasdefleur.com\/shop\/wp-content\/uploads\/2024\/02\/ORCHI_L-e1707165384117-1024x1024.jpg 1024w, https:\/\/www.lasdefleur.com\/shop\/wp-content\/uploads\/2024\/02\/ORCHI_L-e1707165384117-150x150.jpg 150w, https:\/\/www.lasdefleur.com\/shop\/wp-content\/uploads\/2024\/02\/ORCHI_L-e1707165384117-768x768.jpg 768w, https:\/\/www.lasdefleur.com\/shop\/wp-content\/uploads\/2024\/02\/ORCHI_L-e1707165384117-450x450.jpg 450w, https:\/\/www.lasdefleur.com\/shop\/wp-content\/uploads\/2024\/02\/ORCHI_L-e1707165384117-600x600.jpg 600w, https:\/\/www.lasdefleur.com\/shop\/wp-content\/uploads\/2024\/02\/ORCHI_L-e1707165384117-100x100.jpg 100w\" sizes=\"auto, (max-width: 1300px) 100vw, 1300px\" \/><\/a>\n\t\t<ul class=\"product-btn in-thumb flex\">\n\t\t\t\t\t\t\t<li><a href=\"\/shop\/wp-json\/wp\/v2\/pages\/3298?add-to-cart=3749\" data-quantity=\"1\" class=\"button-cart button product_type_simple add_to_cart_button ajax_add_to_cart\" data-product_id=\"3749\" data-product_sku=\"\" aria-label=\"Ajouter au panier\u00a0: &ldquo;Orchid\u00e9e + son pot&rdquo;\" rel=\"nofollow\" data-success_message=\"\u00ab\u00a0Orchid\u00e9e + son pot\u00a0\u00bb a \u00e9t\u00e9 ajout\u00e9 \u00e0 votre panier\"><span class=\"tooltip\">Ajouter au panier<\/span><\/a><\/li>\n\t\t\t\n\t\t\t\t\t<\/ul>\n\t<\/div>\n\n\t<div class=\"product-info\">\n\t\t<div class=\"product-cat\"> <a href=\"https:\/\/www.lasdefleur.com\/shop\/product-category\/page-daccueil\/\" rel=\"tag\">Page d'accueil<\/a>, <a href=\"https:\/\/www.lasdefleur.com\/shop\/product-category\/plantes\/\" rel=\"tag\">Plantes<\/a><\/div>\n\t\t<a href=\"https:\/\/www.lasdefleur.com\/shop\/boutique\/page-daccueil\/orchidee-simple-son-pot\/\" class=\"woocommerce-LoopProduct-link woocommerce-loop-product__link\">Orchid\u00e9e + son pot<\/a>\n\t\t\n\t<span class=\"price\"><span class=\"woocommerce-Price-amount amount\"><bdi>45,00&nbsp;<span class=\"woocommerce-Price-currencySymbol\">&euro;<\/span><\/bdi><\/span><\/span>\n\n\t<\/div>\n\n<\/div>\n<\/div>\n\n    \t\t\t\t\n    \t\t\t\t\t\n<div class=\"product-item product-design-grid product-style-1 hover-image-load post-3420 product type-product status-publish has-post-thumbnail product_cat-bouquets product_cat-page-daccueil  instock taxable shipping-taxable purchasable product-type-variable\">\n\t\n<div class=\"product-box product-preset-2e2e2e\">\n\t<div class=\"product-thumb pr oh\">\n\t\t<a href=\"https:\/\/www.lasdefleur.com\/shop\/boutique\/bouquets\/bouquet-clementine\/\" class=\"woocommerce-LoopProduct-link woocommerce-loop-product__link\"><img loading=\"lazy\" decoding=\"async\" width=\"1706\" height=\"1707\" src=\"https:\/\/www.lasdefleur.com\/shop\/wp-content\/uploads\/2025\/04\/54480479841_3887848f3e_o-scaled-e1745959610604.jpg\" class=\"attachment-shop_catalog size-shop_catalog\" alt=\"Bouquet Ines\" srcset=\"https:\/\/www.lasdefleur.com\/shop\/wp-content\/uploads\/2025\/04\/54480479841_3887848f3e_o-scaled-e1745959610604.jpg 1706w, https:\/\/www.lasdefleur.com\/shop\/wp-content\/uploads\/2025\/04\/54480479841_3887848f3e_o-scaled-e1745959610604-300x300.jpg 300w, https:\/\/www.lasdefleur.com\/shop\/wp-content\/uploads\/2025\/04\/54480479841_3887848f3e_o-scaled-e1745959610604-1024x1024.jpg 1024w, https:\/\/www.lasdefleur.com\/shop\/wp-content\/uploads\/2025\/04\/54480479841_3887848f3e_o-scaled-e1745959610604-150x150.jpg 150w, https:\/\/www.lasdefleur.com\/shop\/wp-content\/uploads\/2025\/04\/54480479841_3887848f3e_o-scaled-e1745959610604-768x768.jpg 768w, https:\/\/www.lasdefleur.com\/shop\/wp-content\/uploads\/2025\/04\/54480479841_3887848f3e_o-scaled-e1745959610604-1536x1536.jpg 1536w, https:\/\/www.lasdefleur.com\/shop\/wp-content\/uploads\/2025\/04\/54480479841_3887848f3e_o-scaled-e1745959610604-450x450.jpg 450w, https:\/\/www.lasdefleur.com\/shop\/wp-content\/uploads\/2025\/04\/54480479841_3887848f3e_o-scaled-e1745959610604-600x600.jpg 600w, https:\/\/www.lasdefleur.com\/shop\/wp-content\/uploads\/2025\/04\/54480479841_3887848f3e_o-scaled-e1745959610604-100x100.jpg 100w\" sizes=\"auto, (max-width: 1706px) 100vw, 1706px\" \/><\/a>\n\t\t<ul class=\"product-btn in-thumb flex\">\n\t\t\t\t\t\t\t<li><a href=\"https:\/\/www.lasdefleur.com\/shop\/boutique\/bouquets\/bouquet-clementine\/\" data-quantity=\"1\" class=\"button-cart button product_type_variable add_to_cart_button\" data-product_id=\"3420\" data-product_sku=\"\" aria-label=\"S\u00e9lectionner les options pour &ldquo;Bouquet Ines&rdquo;\" rel=\"nofollow\"><span class=\"tooltip\">Choix des options<\/span><\/a><\/li>\n\t\t\t\n\t\t\t\t\t<\/ul>\n\t<\/div>\n\n\t<div class=\"product-info\">\n\t\t<div class=\"product-cat\"> <a href=\"https:\/\/www.lasdefleur.com\/shop\/product-category\/bouquets\/\" rel=\"tag\">Bouquets<\/a>, <a href=\"https:\/\/www.lasdefleur.com\/shop\/product-category\/page-daccueil\/\" rel=\"tag\">Page d'accueil<\/a><\/div>\n\t\t<a href=\"https:\/\/www.lasdefleur.com\/shop\/boutique\/bouquets\/bouquet-clementine\/\" class=\"woocommerce-LoopProduct-link woocommerce-loop-product__link\">Bouquet Ines<\/a>\n\t\t\n\t<span class=\"price\">A partir de <span class=\"woocommerce-Price-amount amount\"><bdi>40,00&nbsp;<span class=\"woocommerce-Price-currencySymbol\">&euro;<\/span><\/bdi><\/span><\/span>\n\n\t<\/div>\n\n<\/div>\n<\/div>\n\n    \t\t\t\t\n    \t\t\t\t\t\n    \t\t\t\t\n    \t\t\t\t\t\n    \t\t\t\t\n    \t\t\t\t\t\n    \t\t\t\t\n    \t\t\t\t\t\n    \t\t\t\t\n    \t\t\t\t\t\n<div class=\"product-item product-design-grid product-style-1 hover-image-load post-3492 product type-product status-publish has-post-thumbnail product_cat-bouquets product_cat-page-daccueil  instock taxable shipping-taxable purchasable product-type-variable\">\n\t\n<div class=\"product-box product-preset-2e2e2e\">\n\t<div class=\"product-thumb pr oh\">\n\t\t<a href=\"https:\/\/www.lasdefleur.com\/shop\/boutique\/bouquets\/bouquet-vitamine\/\" class=\"woocommerce-LoopProduct-link woocommerce-loop-product__link\"><img loading=\"lazy\" decoding=\"async\" width=\"1709\" height=\"1709\" src=\"https:\/\/www.lasdefleur.com\/shop\/wp-content\/uploads\/2025\/04\/54479633477_03d743ca95_o-scaled-e1745959861353.jpg\" class=\"attachment-shop_catalog size-shop_catalog\" alt=\"Bouquet Olivia\" srcset=\"https:\/\/www.lasdefleur.com\/shop\/wp-content\/uploads\/2025\/04\/54479633477_03d743ca95_o-scaled-e1745959861353.jpg 1709w, https:\/\/www.lasdefleur.com\/shop\/wp-content\/uploads\/2025\/04\/54479633477_03d743ca95_o-scaled-e1745959861353-300x300.jpg 300w, https:\/\/www.lasdefleur.com\/shop\/wp-content\/uploads\/2025\/04\/54479633477_03d743ca95_o-scaled-e1745959861353-1024x1024.jpg 1024w, https:\/\/www.lasdefleur.com\/shop\/wp-content\/uploads\/2025\/04\/54479633477_03d743ca95_o-scaled-e1745959861353-150x150.jpg 150w, https:\/\/www.lasdefleur.com\/shop\/wp-content\/uploads\/2025\/04\/54479633477_03d743ca95_o-scaled-e1745959861353-768x768.jpg 768w, https:\/\/www.lasdefleur.com\/shop\/wp-content\/uploads\/2025\/04\/54479633477_03d743ca95_o-scaled-e1745959861353-1536x1536.jpg 1536w, https:\/\/www.lasdefleur.com\/shop\/wp-content\/uploads\/2025\/04\/54479633477_03d743ca95_o-scaled-e1745959861353-450x450.jpg 450w, https:\/\/www.lasdefleur.com\/shop\/wp-content\/uploads\/2025\/04\/54479633477_03d743ca95_o-scaled-e1745959861353-600x600.jpg 600w, https:\/\/www.lasdefleur.com\/shop\/wp-content\/uploads\/2025\/04\/54479633477_03d743ca95_o-scaled-e1745959861353-100x100.jpg 100w\" sizes=\"auto, (max-width: 1709px) 100vw, 1709px\" \/><\/a>\n\t\t<ul class=\"product-btn in-thumb flex\">\n\t\t\t\t\t\t\t<li><a href=\"https:\/\/www.lasdefleur.com\/shop\/boutique\/bouquets\/bouquet-vitamine\/\" data-quantity=\"1\" class=\"button-cart button product_type_variable add_to_cart_button\" data-product_id=\"3492\" data-product_sku=\"\" aria-label=\"S\u00e9lectionner les options pour &ldquo;Bouquet Olivia&rdquo;\" rel=\"nofollow\"><span class=\"tooltip\">Choix des options<\/span><\/a><\/li>\n\t\t\t\n\t\t\t\t\t<\/ul>\n\t<\/div>\n\n\t<div class=\"product-info\">\n\t\t<div class=\"product-cat\"> <a href=\"https:\/\/www.lasdefleur.com\/shop\/product-category\/bouquets\/\" rel=\"tag\">Bouquets<\/a>, <a href=\"https:\/\/www.lasdefleur.com\/shop\/product-category\/page-daccueil\/\" rel=\"tag\">Page d'accueil<\/a><\/div>\n\t\t<a href=\"https:\/\/www.lasdefleur.com\/shop\/boutique\/bouquets\/bouquet-vitamine\/\" class=\"woocommerce-LoopProduct-link woocommerce-loop-product__link\">Bouquet Olivia<\/a>\n\t\t\n\t<span class=\"price\">A partir de <span class=\"woocommerce-Price-amount amount\"><bdi>40,00&nbsp;<span class=\"woocommerce-Price-currencySymbol\">&euro;<\/span><\/bdi><\/span><\/span>\n\n\t<\/div>\n\n<\/div>\n<\/div>\n\n    \t\t\t\t\n    \t\t\t\t\t\n    \t\t\t\t\n                                    <\/div><\/div>\n                            \n\n\n        <\/div>\n\n\t\t[\/vc_column][\/vc_row][vc_row][vc_column]\n        <div class=\"adiva-button-wrapper text-center wpb_animate_when_almost_visible wpb_fadeIn wpb_start_animation fadeIn\">\n\t\t\t<a href=\"https:\/\/www.lasdefleur.com\/shop\/bouquets\/\" title=\"Bouquets\" class=\"btn btn-color-black btn-style-default btn-size-default\">Voir l&#039;ensemble des bouquets<\/a>\n\t\t<\/div>\n\n\t\t[\/vc_column][\/vc_row][vc_row css=\u00a0\u00bb.vc_custom_1706529956064{padding-top: 50px !important;padding-bottom: 50px !important;}\u00a0\u00bb][vc_column width=\u00a0\u00bb1\/3&Prime;]\t\t<div class=\"service-box  vc_custom_1594646317215 wpb_animate_when_almost_visible wpb_none wpb_start_animation none service-size-large service-align-top  vc_custom_1594646317215\">\n\t\t\t<div class=\"service-box-icon\">\n\t\t\t\t<i class=\"lnr lnr-map-marker\"><\/i>\n\t\t\t<\/div>\n\t\t\t<div class=\"service-box-content\">\n\t\t\t\t<h3 class=\"title\">Livraison \u00e0 domicile<\/h3>\n\t\t\t\t\t\t\t\t<p>L'As de Fleur assure les livraisons \u00e0 domicile dans un rayon de 20km, et en moins de 48h.<\/p>\n\t\t\t<\/div>\n\t\t<\/div>\n\n\t\t<style>\n\t\t\t\t\t\t\t.service-box .service-box-icon {\n\t\t\t\t\tcolor: #f86c73;\n\t\t\t\t}\n\t\t\t\n\t\t\t\n\t\t\t\t\t<\/style>\n\n\t\t[\/vc_column][vc_column width=\u00a0\u00bb1\/3&Prime;]\t\t<div class=\"service-box  vc_custom_1594646356823 wpb_animate_when_almost_visible wpb_none wpb_start_animation none service-size-large service-align-top  vc_custom_1594646356823\">\n\t\t\t<div class=\"service-box-icon\">\n\t\t\t\t<i class=\"lnr lnr-history\"><\/i>\n\t\t\t<\/div>\n\t\t\t<div class=\"service-box-content\">\n\t\t\t\t<h3 class=\"title\">Service rapide<\/h3>\n\t\t\t\t\t\t\t\t<p>D\u00e8s la r\u00e9ception de votre commande, nos \u00e9quipes s'activent pour pr\u00e9parer vos bouquets dans les meilleurs d\u00e9lais.<\/p>\n\t\t\t<\/div>\n\t\t<\/div>\n\n\t\t<style>\n\t\t\t\t\t\t\t.service-box .service-box-icon {\n\t\t\t\t\tcolor: #f86c73;\n\t\t\t\t}\n\t\t\t\n\t\t\t\n\t\t\t\t\t<\/style>\n\n\t\t[\/vc_column][vc_column width=\u00a0\u00bb1\/3&Prime;]\t\t<div class=\"service-box wpb_animate_when_almost_visible wpb_none wpb_start_animation none service-size-large service-align-top\">\n\t\t\t<div class=\"service-box-icon\">\n\t\t\t\t<i class=\"lnr lnr-phone\"><\/i>\n\t\t\t<\/div>\n\t\t\t<div class=\"service-box-content\">\n\t\t\t\t<h3 class=\"title\">Conseils<\/h3>\n\t\t\t\t\t\t\t\t<p>Besoin d'un renseignement ? N'h\u00e9sitez pas \u00e0 nous contacter. Nous sommes \u00e0 votre enti\u00e8re disposition.<\/p>\n\t\t\t<\/div>\n\t\t<\/div>\n\n\t\t<style>\n\t\t\t\t\t\t\t.service-box .service-box-icon {\n\t\t\t\t\tcolor: #f86c73;\n\t\t\t\t}\n\t\t\t\n\t\t\t\n\t\t\t\t\t<\/style>\n\n\t\t[\/vc_column][\/vc_row]<\/p>\n","protected":false},"excerpt":{"rendered":"<p>[vc_row css_animation=\u00a0\u00bbfadeIn\u00a0\u00bb fullwidth=\u00a0\u00bbyes\u00a0\u00bb][vc_column width=\u00a0\u00bb1\/5&Prime;][\/vc_column][vc_column width=\u00a0\u00bb1\/5&Prime;][\/vc_column][vc_column width=\u00a0\u00bb1\/5&Prime;][\/vc_column][vc_column width=\u00a0\u00bb1\/5&Prime;][\/vc_column][\/vc_row][vc_row css=\u00a0\u00bb.vc_custom_1519263919198{margin-bottom: 52px !important;}\u00a0\u00bb][vc_column][\/vc_column][\/vc_row][vc_row][vc_column][\/vc_column][\/vc_row][vc_row css=\u00a0\u00bb.vc_custom_1706529956064{padding-top: 50px !important;padding-bottom: 50px !important;}\u00a0\u00bb][vc_column width=\u00a0\u00bb1\/3&Prime;][\/vc_column][vc_column width=\u00a0\u00bb1\/3&Prime;][\/vc_column][vc_column width=\u00a0\u00bb1\/3&Prime;][\/vc_column][\/vc_row]<\/p>\n","protected":false},"author":1,"featured_media":0,"parent":0,"menu_order":0,"comment_status":"closed","ping_status":"closed","template":"","meta":{"footnotes":""},"class_list":["post-3298","page","type-page","status-publish","hentry"],"_links":{"self":[{"href":"https:\/\/www.lasdefleur.com\/shop\/wp-json\/wp\/v2\/pages\/3298","targetHints":{"allow":["GET"]}}],"collection":[{"href":"https:\/\/www.lasdefleur.com\/shop\/wp-json\/wp\/v2\/pages"}],"about":[{"href":"https:\/\/www.lasdefleur.com\/shop\/wp-json\/wp\/v2\/types\/page"}],"author":[{"embeddable":true,"href":"https:\/\/www.lasdefleur.com\/shop\/wp-json\/wp\/v2\/users\/1"}],"replies":[{"embeddable":true,"href":"https:\/\/www.lasdefleur.com\/shop\/wp-json\/wp\/v2\/comments?post=3298"}],"version-history":[{"count":72,"href":"https:\/\/www.lasdefleur.com\/shop\/wp-json\/wp\/v2\/pages\/3298\/revisions"}],"predecessor-version":[{"id":9237,"href":"https:\/\/www.lasdefleur.com\/shop\/wp-json\/wp\/v2\/pages\/3298\/revisions\/9237"}],"wp:attachment":[{"href":"https:\/\/www.lasdefleur.com\/shop\/wp-json\/wp\/v2\/media?parent=3298"}],"curies":[{"name":"wp","href":"https:\/\/api.w.org\/{rel}","templated":true}]}}