{"id":3787,"date":"2020-09-22T09:04:44","date_gmt":"2020-09-22T07:04:44","guid":{"rendered":"https:\/\/www.lasdefleur.com\/shop\/?page_id=3787"},"modified":"2025-01-22T17:09:10","modified_gmt":"2025-01-22T16:09:10","slug":"plantes","status":"publish","type":"page","link":"https:\/\/www.lasdefleur.com\/shop\/plantes\/","title":{"rendered":"Plantes"},"content":{"rendered":"<p>[vc_row css=\u00a0\u00bb.vc_custom_1519263919198{margin-bottom: 52px !important;}\u00a0\u00bb][vc_column]\t\t<div class=\"addon-title text-center title-color-default title-size-medium\">\n\t\t\t\n\t\t\t<div class=\"line-wrap\"><span class=\"left-line\"><\/span><h3 class=\"title\">NOS PLANTES<\/h3><span class=\"right-line\"><\/span><\/div>\n\n\t\t\t\t\t\t\t<div class=\"description\">D\u00e9couvrez notre collection de plantes<\/div>\n\t\t\t\n\t\t<\/div>\n\n\t\t\n        <div class=\"adiva-products\">\n            \n                                                <div class=\"product-layout-wrapper\">\n\t<div class=\"wc-loading w-30\"><\/div>\n\t<div class=\"products product-layout clearfix wc-product-masonry product-spacing-40 grid-columns-4\" data-masonry='{\"selector\":\".product-design-grid\",\"layoutMode\":\"fitRows\",\"columnWidth\":\".product-design-grid\"}'>\n                \n    \t\t\t\t\n    \t\t\t\t\t\n<div class=\"product-item product-design-grid product-style-1 hover-image-load post-3749 product type-product status-publish has-post-thumbnail product_cat-page-daccueil product_cat-plantes first instock taxable shipping-taxable purchasable product-type-simple\">\n\t\n<div class=\"product-box product-preset-2e2e2e\">\n\t<div class=\"product-thumb pr oh\">\n\t\t<a href=\"https:\/\/www.lasdefleur.com\/shop\/boutique\/page-daccueil\/orchidee-simple-son-pot\/\" class=\"woocommerce-LoopProduct-link woocommerce-loop-product__link\"><img loading=\"lazy\" decoding=\"async\" width=\"1300\" height=\"1300\" src=\"https:\/\/www.lasdefleur.com\/shop\/wp-content\/uploads\/2024\/02\/ORCHI_L-e1707165384117.jpg\" class=\"attachment-shop_catalog size-shop_catalog\" alt=\"Orchid\u00e9e + son pot\" srcset=\"https:\/\/www.lasdefleur.com\/shop\/wp-content\/uploads\/2024\/02\/ORCHI_L-e1707165384117.jpg 1300w, https:\/\/www.lasdefleur.com\/shop\/wp-content\/uploads\/2024\/02\/ORCHI_L-e1707165384117-300x300.jpg 300w, https:\/\/www.lasdefleur.com\/shop\/wp-content\/uploads\/2024\/02\/ORCHI_L-e1707165384117-1024x1024.jpg 1024w, https:\/\/www.lasdefleur.com\/shop\/wp-content\/uploads\/2024\/02\/ORCHI_L-e1707165384117-150x150.jpg 150w, https:\/\/www.lasdefleur.com\/shop\/wp-content\/uploads\/2024\/02\/ORCHI_L-e1707165384117-768x768.jpg 768w, https:\/\/www.lasdefleur.com\/shop\/wp-content\/uploads\/2024\/02\/ORCHI_L-e1707165384117-450x450.jpg 450w, https:\/\/www.lasdefleur.com\/shop\/wp-content\/uploads\/2024\/02\/ORCHI_L-e1707165384117-600x600.jpg 600w, https:\/\/www.lasdefleur.com\/shop\/wp-content\/uploads\/2024\/02\/ORCHI_L-e1707165384117-100x100.jpg 100w\" sizes=\"auto, (max-width: 1300px) 100vw, 1300px\" \/><\/a>\n\t\t<ul class=\"product-btn in-thumb flex\">\n\t\t\t\t\t\t\t<li><a href=\"\/shop\/wp-json\/wp\/v2\/pages\/3787?add-to-cart=3749\" data-quantity=\"1\" class=\"button-cart button product_type_simple add_to_cart_button ajax_add_to_cart\" data-product_id=\"3749\" data-product_sku=\"\" aria-label=\"Ajouter au panier\u00a0: &ldquo;Orchid\u00e9e + son pot&rdquo;\" rel=\"nofollow\" data-success_message=\"\u00ab\u00a0Orchid\u00e9e + son pot\u00a0\u00bb a \u00e9t\u00e9 ajout\u00e9 \u00e0 votre panier\"><span class=\"tooltip\">Ajouter au panier<\/span><\/a><\/li>\n\t\t\t\n\t\t\t\t\t<\/ul>\n\t<\/div>\n\n\t<div class=\"product-info\">\n\t\t<div class=\"product-cat\"> <a href=\"https:\/\/www.lasdefleur.com\/shop\/product-category\/page-daccueil\/\" rel=\"tag\">Page d'accueil<\/a>, <a href=\"https:\/\/www.lasdefleur.com\/shop\/product-category\/plantes\/\" rel=\"tag\">Plantes<\/a><\/div>\n\t\t<a href=\"https:\/\/www.lasdefleur.com\/shop\/boutique\/page-daccueil\/orchidee-simple-son-pot\/\" class=\"woocommerce-LoopProduct-link woocommerce-loop-product__link\">Orchid\u00e9e + son pot<\/a>\n\t\t\n\t<span class=\"price\"><span class=\"woocommerce-Price-amount amount\"><bdi>45,00&nbsp;<span class=\"woocommerce-Price-currencySymbol\">&euro;<\/span><\/bdi><\/span><\/span>\n\n\t<\/div>\n\n<\/div>\n<\/div>\n\n    \t\t\t\t\n                                    <\/div><\/div>\n                            \n\n\n        <\/div>\n\n\t\t[\/vc_column][\/vc_row][vc_row][vc_column width=\u00a0\u00bb1\/4&Prime;][vc_empty_space height=\u00a0\u00bb60&Prime;][vc_btn title=\u00a0\u00bbD\u00e9couvrez nos bouqets\u00a0\u00bb style=\u00a0\u00bbflat\u00a0\u00bb color=\u00a0\u00bbpink\u00a0\u00bb size=\u00a0\u00bblg\u00a0\u00bb i_icon_fontawesome=\u00a0\u00bbfa fa-caret-right\u00a0\u00bb add_icon=\u00a0\u00bbtrue\u00a0\u00bb link=\u00a0\u00bburl:https%3A%2F%2Fwww.lasdefleur.com%2Fshop%2Fbouquets%2F|title:Bouquets||\u00a0\u00bb][\/vc_column][vc_column width=\u00a0\u00bb1\/4&Prime;]\t\t<div class=\"service-box  vc_custom_1594801268701 wpb_animate_when_almost_visible wpb_none wpb_start_animation none service-size-large service-align-top  vc_custom_1594801268701\">\n\t\t\t<div class=\"service-box-icon\">\n\t\t\t\t<i class=\"lnr lnr-earth\"><\/i>\n\t\t\t<\/div>\n\t\t\t<div class=\"service-box-content\">\n\t\t\t\t<h3 class=\"title\">LIVRAISON LOCALE<\/h3>\n\t\t\t\t\t\t\t\t<p>L'As de Fleur livre vos commandes \u00e0 domicile dans un rayon de 20km et en moins de 48h.<\/p>\n\t\t\t<\/div>\n\t\t<\/div>\n\n\t\t<style>\n\t\t\t\t\t\t\t.service-box .service-box-icon {\n\t\t\t\t\tcolor: #f86c73;\n\t\t\t\t}\n\t\t\t\n\t\t\t\n\t\t\t\t\t<\/style>\n\n\t\t[\/vc_column][vc_column width=\u00a0\u00bb1\/4&Prime;]\t\t<div class=\"service-box  vc_custom_1594801397431 wpb_animate_when_almost_visible wpb_none wpb_start_animation none service-size-large service-align-top  vc_custom_1594801397431\">\n\t\t\t<div class=\"service-box-icon\">\n\t\t\t\t<i class=\"lnr lnr-history\"><\/i>\n\t\t\t<\/div>\n\t\t\t<div class=\"service-box-content\">\n\t\t\t\t<h3 class=\"title\">PAYER EN LIGNE<\/h3>\n\t\t\t\t\t\t\t\t<p>Gr\u00e2ce \u00e0 notre boutique en ligne, payez directement votre commande depuis chez vous.<\/p>\n\t\t\t<\/div>\n\t\t<\/div>\n\n\t\t<style>\n\t\t\t\t\t\t\t.service-box .service-box-icon {\n\t\t\t\t\tcolor: #f86c73;\n\t\t\t\t}\n\t\t\t\n\t\t\t\n\t\t\t\t\t<\/style>\n\n\t\t[\/vc_column][vc_column width=\u00a0\u00bb1\/4&Prime;]\t\t<div class=\"service-box wpb_animate_when_almost_visible wpb_none wpb_start_animation none service-size-large service-align-top\">\n\t\t\t<div class=\"service-box-icon\">\n\t\t\t\t<i class=\"lnr lnr-phone\"><\/i>\n\t\t\t<\/div>\n\t\t\t<div class=\"service-box-content\">\n\t\t\t\t<h3 class=\"title\">UNE QUESTION ?<\/h3>\n\t\t\t\t\t\t\t\t<p>Besoin d'un renseignement ? N'h\u00e9sitez pas \u00e0 nous contacter. Nous sommes \u00e0 votre enti\u00e8re disposition.<\/p>\n\t\t\t<\/div>\n\t\t<\/div>\n\n\t\t<style>\n\t\t\t\t\t\t\t.service-box .service-box-icon {\n\t\t\t\t\tcolor: #f86c73;\n\t\t\t\t}\n\t\t\t\n\t\t\t\n\t\t\t\t\t<\/style>\n\n\t\t[\/vc_column][\/vc_row]<\/p>\n","protected":false},"excerpt":{"rendered":"<p>[vc_row css=\u00a0\u00bb.vc_custom_1519263919198{margin-bottom: 52px !important;}\u00a0\u00bb][vc_column][\/vc_column][\/vc_row][vc_row][vc_column width=\u00a0\u00bb1\/4&Prime;][vc_empty_space height=\u00a0\u00bb60&Prime;][vc_btn title=\u00a0\u00bbD\u00e9couvrez nos bouqets\u00a0\u00bb style=\u00a0\u00bbflat\u00a0\u00bb color=\u00a0\u00bbpink\u00a0\u00bb size=\u00a0\u00bblg\u00a0\u00bb i_icon_fontawesome=\u00a0\u00bbfa fa-caret-right\u00a0\u00bb add_icon=\u00a0\u00bbtrue\u00a0\u00bb link=\u00a0\u00bburl:https%3A%2F%2Fwww.lasdefleur.com%2Fshop%2Fbouquets%2F|title:Bouquets||\u00a0\u00bb][\/vc_column][vc_column width=\u00a0\u00bb1\/4&Prime;][\/vc_column][vc_column width=\u00a0\u00bb1\/4&Prime;][\/vc_column][vc_column width=\u00a0\u00bb1\/4&Prime;][\/vc_column][\/vc_row]<\/p>\n","protected":false},"author":1,"featured_media":0,"parent":0,"menu_order":0,"comment_status":"closed","ping_status":"closed","template":"","meta":{"footnotes":""},"class_list":["post-3787","page","type-page","status-publish","hentry"],"_links":{"self":[{"href":"https:\/\/www.lasdefleur.com\/shop\/wp-json\/wp\/v2\/pages\/3787","targetHints":{"allow":["GET"]}}],"collection":[{"href":"https:\/\/www.lasdefleur.com\/shop\/wp-json\/wp\/v2\/pages"}],"about":[{"href":"https:\/\/www.lasdefleur.com\/shop\/wp-json\/wp\/v2\/types\/page"}],"author":[{"embeddable":true,"href":"https:\/\/www.lasdefleur.com\/shop\/wp-json\/wp\/v2\/users\/1"}],"replies":[{"embeddable":true,"href":"https:\/\/www.lasdefleur.com\/shop\/wp-json\/wp\/v2\/comments?post=3787"}],"version-history":[{"count":18,"href":"https:\/\/www.lasdefleur.com\/shop\/wp-json\/wp\/v2\/pages\/3787\/revisions"}],"predecessor-version":[{"id":9175,"href":"https:\/\/www.lasdefleur.com\/shop\/wp-json\/wp\/v2\/pages\/3787\/revisions\/9175"}],"wp:attachment":[{"href":"https:\/\/www.lasdefleur.com\/shop\/wp-json\/wp\/v2\/media?parent=3787"}],"curies":[{"name":"wp","href":"https:\/\/api.w.org\/{rel}","templated":true}]}}