{"id":49,"date":"2017-09-13T06:59:58","date_gmt":"2017-09-13T06:59:58","guid":{"rendered":"http:\/\/dummy.jmsthemes.com\/adiva\/?page_id=49"},"modified":"2024-02-05T22:14:01","modified_gmt":"2024-02-05T21:14:01","slug":"contact","status":"publish","type":"page","link":"https:\/\/www.lasdefleur.com\/shop\/contact\/","title":{"rendered":"Contact"},"content":{"rendered":"<p>[vc_row][vc_column][vc_gmaps link=\u00a0\u00bb#E-8_JTNDaWZyYW1lJTIwc3JjJTNEJTIyaHR0cHMlM0ElMkYlMkZ3d3cuZ29vZ2xlLmNvbSUyRm1hcHMlMkZlbWJlZCUzRnBiJTNEJTIxMW0xOCUyMTFtMTIlMjExbTMlMjExZDI1ODcuNzIwMzg1MjE3MDcyJTIxMmQ1LjUyOTAyMzA3NjA0MzMyNyUyMTNkNDkuNTY1Mjk4ODUwNzAwNzUlMjEybTMlMjExZjAlMjEyZjAlMjEzZjAlMjEzbTIlMjExaTEwMjQlMjEyaTc2OCUyMTRmMTMuMSUyMTNtMyUyMTFtMiUyMTFzMHg0N2VhOTUyZTE0NDFkMzlkJTI1M0EweGRiMThmNjNkNTBkYmIxMDclMjEyc0ZiZyUyNTIwZCUyNiUyMzM5JTNCQXJpdmFsJTI1MjA0MEIlMjUyQyUyNTIwNjc2MCUyNTIwVmlydG9uJTIxNWUwJTIxM20yJTIxMXNmciUyMTJzYmUlMjE0djE3MDcxNjczMTQ1MDglMjE1bTIlMjExc2ZyJTIxMnNiZSUyMiUyMHdpZHRoJTNEJTIyNjAwJTIyJTIwaGVpZ2h0JTNEJTIyNDUwJTIyJTIwc3R5bGUlM0QlMjJib3JkZXIlM0EwJTNCJTIyJTIwYWxsb3dmdWxsc2NyZWVuJTNEJTIyJTIyJTIwbG9hZGluZyUzRCUyMmxhenklMjIlMjByZWZlcnJlcnBvbGljeSUzRCUyMm5vLXJlZmVycmVyLXdoZW4tZG93bmdyYWRlJTIyJTNFJTNDJTJGaWZyYW1lJTNF\u00a0\u00bb][\/vc_column][\/vc_row][vc_row][vc_column width=\u00a0\u00bb1\/2&Prime; css=\u00a0\u00bb.vc_custom_1513066179688{margin-bottom: 40px !important;}\u00a0\u00bb][vc_text_separator title=\u00a0\u00bbRESTONS EN CONTACT\u00a0\u00bb title_align=\u00a0\u00bbseparator_align_left\u00a0\u00bb el_class=\u00a0\u00bbfs_23&Prime;][vc_column_text]\n<div class=\"wpcf7 no-js\" id=\"wpcf7-f77-o1\" lang=\"en-US\" dir=\"ltr\" data-wpcf7-id=\"77\">\n<div class=\"screen-reader-response\"><p role=\"status\" aria-live=\"polite\" aria-atomic=\"true\"><\/p> <ul><\/ul><\/div>\n<form action=\"\/shop\/wp-json\/wp\/v2\/pages\/49#wpcf7-f77-o1\" method=\"post\" class=\"wpcf7-form init\" aria-label=\"Contact form\" novalidate=\"novalidate\" data-status=\"init\">\n<fieldset class=\"hidden-fields-container\"><input type=\"hidden\" name=\"_wpcf7\" value=\"77\" \/><input type=\"hidden\" name=\"_wpcf7_version\" value=\"6.1.5\" \/><input type=\"hidden\" name=\"_wpcf7_locale\" value=\"en_US\" \/><input type=\"hidden\" name=\"_wpcf7_unit_tag\" value=\"wpcf7-f77-o1\" \/><input type=\"hidden\" name=\"_wpcf7_container_post\" value=\"0\" \/><input type=\"hidden\" name=\"_wpcf7_posted_data_hash\" value=\"\" \/>\n<\/fieldset>\n<div class=\"contact-form-default\">\n\t<div class=\"row\">\n\t\t<div class=\"col-sm-6\">\n\t\t\t<div class=\"form-group\">\n\t\t\t\t<p><label>Votre nom<\/label><br \/>\n<span class=\"wpcf7-form-control-wrap\" data-name=\"Votre\"><input size=\"40\" maxlength=\"400\" class=\"wpcf7-form-control wpcf7-text wpcf7-validates-as-required\" aria-required=\"true\" aria-invalid=\"false\" value=\"\" type=\"text\" name=\"Votre\" \/><\/span>\n\t\t\t\t<\/p>\n\t\t\t<\/div>\n\t\t<\/div>\n\t\t<div class=\"col-sm-6\">\n\t\t\t<div class=\"form-group\">\n\t\t\t\t<p><label>Votre e-mail<\/label><br \/>\n<span class=\"wpcf7-form-control-wrap\" data-name=\"Votre\"><input size=\"40\" maxlength=\"400\" class=\"wpcf7-form-control wpcf7-email wpcf7-validates-as-required wpcf7-text wpcf7-validates-as-email\" aria-required=\"true\" aria-invalid=\"false\" value=\"\" type=\"email\" name=\"Votre\" \/><\/span>\n\t\t\t\t<\/p>\n\t\t\t<\/div>\n\t\t<\/div>\n\t\t<div class=\"col-sm-6\">\n\t\t\t<div class=\"form-group\">\n\t\t\t\t<p><label>Votre num\u00e9ro de t\u00e9l\u00e9phone<\/label><br \/>\n<span class=\"wpcf7-form-control-wrap\" data-name=\"tel\"><input size=\"40\" maxlength=\"400\" class=\"wpcf7-form-control wpcf7-tel wpcf7-validates-as-required wpcf7-text wpcf7-validates-as-tel\" aria-required=\"true\" aria-invalid=\"false\" value=\"\" type=\"tel\" name=\"tel\" \/><\/span>\n\t\t\t\t<\/p>\n\t\t\t<\/div>\n\t\t<\/div>\n\t\t<div class=\"col-sm-6\">\n\t\t\t<div class=\"form-group\">\n\t\t\t\t<p><label>Votre soci\u00e9t\u00e9<\/label><br \/>\n<span class=\"wpcf7-form-control-wrap\" data-name=\"text\"><input size=\"40\" maxlength=\"400\" class=\"wpcf7-form-control wpcf7-text\" aria-invalid=\"false\" value=\"\" type=\"text\" name=\"text\" \/><\/span>\n\t\t\t\t<\/p>\n\t\t\t<\/div>\n\t\t<\/div>\n\t\t<div class=\"col-sm-12\">\n\t\t\t<div class=\"form-group\">\n\t\t\t\t<p><label>Votre message<\/label><br \/>\n<span class=\"wpcf7-form-control-wrap\" data-name=\"textarea-428\"><textarea cols=\"40\" rows=\"10\" maxlength=\"2000\" class=\"wpcf7-form-control wpcf7-textarea\" aria-invalid=\"false\" name=\"textarea-428\"><\/textarea><\/span>\n\t\t\t\t<\/p>\n\t\t\t<\/div>\n\t\t<\/div>\n\t\t<div class=\"col-sm-12\">\n\t\t\t<div class=\"form-group\">\n\t\t\t\t<p><input class=\"wpcf7-form-control wpcf7-submit has-spinner\" type=\"submit\" value=\"Envoyer le message\" \/>\n\t\t\t\t<\/p>\n\t\t\t<\/div>\n\t\t<\/div>\n\t<\/div>\n<\/div><div class=\"wpcf7-response-output\" aria-hidden=\"true\"><\/div>\n<\/form>\n<\/div>\n[\/vc_column_text][\/vc_column][vc_column width=\u00a0\u00bb1\/2&Prime; css=\u00a0\u00bb.vc_custom_1513066185902{margin-bottom: 60px !important;}\u00a0\u00bb][vc_text_separator title=\u00a0\u00bbA PROPOS DE L&rsquo;AS DE FLEUR\u00a0\u00bb title_align=\u00a0\u00bbseparator_align_left\u00a0\u00bb el_class=\u00a0\u00bbfs_23&Prime;][vc_column_text]Votre boutique l&rsquo;As de Fleur propose un grand choix de fleurs fra\u00eeches et de qualit\u00e9.<\/p>\n<p>Les grands classiques que sont les roses, les gerberas et les orchid\u00e9es c\u00f4toient des assortiments de fleurs qui sortent de l\u2019ordinaire et dont les couleurs et les odeurs appellent au voyage des sens. Nous disposons \u00e9galement de plantes d\u2019int\u00e9rieur, principalement des orchid\u00e9es de diff\u00e9rentes couleurs et des plantes grasses.[\/vc_column_text][vc_row_inner][vc_column_inner width=\u00a0\u00bb1\/2&Prime;]\t\t<div class=\"service-box  vc_custom_1707167558338 service-align-top  vc_custom_1707167558338\">\n\t\t\t<div class=\"service-box-icon\">\n\t\t\t\t<i class=\"lnr lnr-phone-handset\"><\/i>\n\t\t\t<\/div>\n\t\t\t<div class=\"service-box-content\">\n\t\t\t\t<h3 class=\"title\"><\/h3>\n\t\t\t\t\t\t\t\t<p>Tel: +32 63219344<br \/>\nE-Mail: contact@lasdefleur.com<\/p>\n\t\t\t<\/div>\n\t\t<\/div>\n\n\t\t<style>\n\t\t\t\n\t\t\t\n\t\t\t\t\t<\/style>\n\n\t\t\t\t<div class=\"service-box  vc_custom_1707167614498 service-align-top  vc_custom_1707167614498\">\n\t\t\t<div class=\"service-box-icon\">\n\t\t\t\t<i class=\"lnr lnr-home\"><\/i>\n\t\t\t<\/div>\n\t\t\t<div class=\"service-box-content\">\n\t\t\t\t<h3 class=\"title\"><\/h3>\n\t\t\t\t\t\t\t\t<p>Magasin: 40b, Faubourg d'Arival, B-6760 Virton<\/p>\n\t\t\t<\/div>\n\t\t<\/div>\n\n\t\t<style>\n\t\t\t\n\t\t\t\n\t\t\t\t\t<\/style>\n\n\t\t[\/vc_column_inner][vc_column_inner width=\u00a0\u00bb1\/2&Prime;]\t\t<div class=\"service-box  vc_custom_1610641600617 service-align-top  vc_custom_1610641600617\">\n\t\t\t<div class=\"service-box-icon\">\n\t\t\t\t<i class=\"lnr lnr-book\"><\/i>\n\t\t\t<\/div>\n\t\t\t<div class=\"service-box-content\">\n\t\t\t\t<h3 class=\"title\"><\/h3>\n\t\t\t\t\t\t\t\t<p>N\u2019h\u00e9sitez pas \u00e0 nous contacter pour obtenir davantage de renseignements.<\/p>\n\t\t\t<\/div>\n\t\t<\/div>\n\n\t\t<style>\n\t\t\t\n\t\t\t\n\t\t\t\t\t<\/style>\n\n\t\t\t\t<div class=\"service-box service-align-top\">\n\t\t\t<div class=\"service-box-icon\">\n\t\t\t\t<i class=\"lnr lnr-cart\"><\/i>\n\t\t\t<\/div>\n\t\t\t<div class=\"service-box-content\">\n\t\t\t\t<h3 class=\"title\"><\/h3>\n\t\t\t\t\t\t\t\t<p>Livraison \u00e0 domicile dans un rayon de 20km et en moins de 24h.<\/p>\n\t\t\t<\/div>\n\t\t<\/div>\n\n\t\t<style>\n\t\t\t\n\t\t\t\n\t\t\t\t\t<\/style>\n\n\t\t[\/vc_column_inner][\/vc_row_inner][\/vc_column][\/vc_row]<\/p>\n","protected":false},"excerpt":{"rendered":"<p>[vc_row][vc_column][vc_gmaps link=\u00a0\u00bb#E-8_JTNDaWZyYW1lJTIwc3JjJTNEJTIyaHR0cHMlM0ElMkYlMkZ3d3cuZ29vZ2xlLmNvbSUyRm1hcHMlMkZlbWJlZCUzRnBiJTNEJTIxMW0xOCUyMTFtMTIlMjExbTMlMjExZDI1ODcuNzIwMzg1MjE3MDcyJTIxMmQ1LjUyOTAyMzA3NjA0MzMyNyUyMTNkNDkuNTY1Mjk4ODUwNzAwNzUlMjEybTMlMjExZjAlMjEyZjAlMjEzZjAlMjEzbTIlMjExaTEwMjQlMjEyaTc2OCUyMTRmMTMuMSUyMTNtMyUyMTFtMiUyMTFzMHg0N2VhOTUyZTE0NDFkMzlkJTI1M0EweGRiMThmNjNkNTBkYmIxMDclMjEyc0ZiZyUyNTIwZCUyNiUyMzM5JTNCQXJpdmFsJTI1MjA0MEIlMjUyQyUyNTIwNjc2MCUyNTIwVmlydG9uJTIxNWUwJTIxM20yJTIxMXNmciUyMTJzYmUlMjE0djE3MDcxNjczMTQ1MDglMjE1bTIlMjExc2ZyJTIxMnNiZSUyMiUyMHdpZHRoJTNEJTIyNjAwJTIyJTIwaGVpZ2h0JTNEJTIyNDUwJTIyJTIwc3R5bGUlM0QlMjJib3JkZXIlM0EwJTNCJTIyJTIwYWxsb3dmdWxsc2NyZWVuJTNEJTIyJTIyJTIwbG9hZGluZyUzRCUyMmxhenklMjIlMjByZWZlcnJlcnBvbGljeSUzRCUyMm5vLXJlZmVycmVyLXdoZW4tZG93bmdyYWRlJTIyJTNFJTNDJTJGaWZyYW1lJTNF\u00a0\u00bb][\/vc_column][\/vc_row][vc_row][vc_column width=\u00a0\u00bb1\/2&Prime; css=\u00a0\u00bb.vc_custom_1513066179688{margin-bottom: 40px !important;}\u00a0\u00bb][vc_text_separator title=\u00a0\u00bbRESTONS EN CONTACT\u00a0\u00bb title_align=\u00a0\u00bbseparator_align_left\u00a0\u00bb el_class=\u00a0\u00bbfs_23&Prime;][vc_column_text][\/vc_column_text][\/vc_column][vc_column width=\u00a0\u00bb1\/2&Prime; css=\u00a0\u00bb.vc_custom_1513066185902{margin-bottom: 60px !important;}\u00a0\u00bb][vc_text_separator title=\u00a0\u00bbA PROPOS DE L&rsquo;AS DE FLEUR\u00a0\u00bb title_align=\u00a0\u00bbseparator_align_left\u00a0\u00bb el_class=\u00a0\u00bbfs_23&Prime;][vc_column_text]Votre boutique l&rsquo;As de Fleur propose un grand choix de fleurs fra\u00eeches et de qualit\u00e9. Les grands classiques que sont les roses, les gerberas et les orchid\u00e9es c\u00f4toient des assortiments de fleurs qui [&hellip;]<\/p>\n","protected":false},"author":1,"featured_media":0,"parent":0,"menu_order":0,"comment_status":"closed","ping_status":"closed","template":"","meta":{"footnotes":""},"class_list":["post-49","page","type-page","status-publish","hentry"],"_links":{"self":[{"href":"https:\/\/www.lasdefleur.com\/shop\/wp-json\/wp\/v2\/pages\/49","targetHints":{"allow":["GET"]}}],"collection":[{"href":"https:\/\/www.lasdefleur.com\/shop\/wp-json\/wp\/v2\/pages"}],"about":[{"href":"https:\/\/www.lasdefleur.com\/shop\/wp-json\/wp\/v2\/types\/page"}],"author":[{"embeddable":true,"href":"https:\/\/www.lasdefleur.com\/shop\/wp-json\/wp\/v2\/users\/1"}],"replies":[{"embeddable":true,"href":"https:\/\/www.lasdefleur.com\/shop\/wp-json\/wp\/v2\/comments?post=49"}],"version-history":[{"count":14,"href":"https:\/\/www.lasdefleur.com\/shop\/wp-json\/wp\/v2\/pages\/49\/revisions"}],"predecessor-version":[{"id":9041,"href":"https:\/\/www.lasdefleur.com\/shop\/wp-json\/wp\/v2\/pages\/49\/revisions\/9041"}],"wp:attachment":[{"href":"https:\/\/www.lasdefleur.com\/shop\/wp-json\/wp\/v2\/media?parent=49"}],"curies":[{"name":"wp","href":"https:\/\/api.w.org\/{rel}","templated":true}]}}