{"id":3402,"date":"2020-07-09T15:20:45","date_gmt":"2020-07-09T13:20:45","guid":{"rendered":"https:\/\/www.lasdefleur.com\/shop\/?post_type=product&#038;p=3402"},"modified":"2026-05-09T09:41:40","modified_gmt":"2026-05-09T07:41:40","slug":"bouquet-pure","status":"publish","type":"product","link":"https:\/\/www.lasdefleur.com\/shop\/boutique\/bouquets\/bouquet-pure\/","title":{"rendered":"Bouquet Pure"},"content":{"rendered":"<p>LA BASE!!! Ce bouquet est un intemporel! Un assortiment de fleurs blanches associ\u00e9 au vert v\u00e9g\u00e9tal trouvera sa place dans tous les int\u00e9rieurs, aussi bien classique que contemporain.<\/p>\n<p>*Le volume du bouquet peut varier en fonction du prix des fleurs et de la saison<\/p>\n<div id=\"ConnectiveDocSignExtentionInstalled\" data-extension-version=\"1.0.4\"><\/div>\n","protected":false},"excerpt":{"rendered":"<p>LA BASE!!! Ce bouquet est un intemporel! Un assortiment de fleurs blanches associ\u00e9 au vert v\u00e9g\u00e9tal trouvera sa place dans tous les int\u00e9rieurs, aussi bien classique que contemporain.<\/p>\n<p>*Le volume du bouquet peut varier en fonction du prix des fleurs et de la saison<\/p>\n<div id=\"ConnectiveDocSignExtentionInstalled\" data-extension-version=\"1.0.4\"><\/div>\n","protected":false},"featured_media":9267,"template":"","meta":[],"product_brand":[],"product_cat":[68,99],"product_tag":[],"class_list":{"0":"post-3402","1":"product","2":"type-product","3":"status-publish","4":"has-post-thumbnail","6":"product_cat-bouquets","7":"product_cat-page-daccueil","9":"first","10":"instock","11":"taxable","12":"shipping-taxable","13":"purchasable","14":"product-type-variable"},"_links":{"self":[{"href":"https:\/\/www.lasdefleur.com\/shop\/wp-json\/wp\/v2\/product\/3402","targetHints":{"allow":["GET"]}}],"collection":[{"href":"https:\/\/www.lasdefleur.com\/shop\/wp-json\/wp\/v2\/product"}],"about":[{"href":"https:\/\/www.lasdefleur.com\/shop\/wp-json\/wp\/v2\/types\/product"}],"wp:featuredmedia":[{"embeddable":true,"href":"https:\/\/www.lasdefleur.com\/shop\/wp-json\/wp\/v2\/media\/9267"}],"wp:attachment":[{"href":"https:\/\/www.lasdefleur.com\/shop\/wp-json\/wp\/v2\/media?parent=3402"}],"wp:term":[{"taxonomy":"product_brand","embeddable":true,"href":"https:\/\/www.lasdefleur.com\/shop\/wp-json\/wp\/v2\/product_brand?post=3402"},{"taxonomy":"product_cat","embeddable":true,"href":"https:\/\/www.lasdefleur.com\/shop\/wp-json\/wp\/v2\/product_cat?post=3402"},{"taxonomy":"product_tag","embeddable":true,"href":"https:\/\/www.lasdefleur.com\/shop\/wp-json\/wp\/v2\/product_tag?post=3402"}],"curies":[{"name":"wp","href":"https:\/\/api.w.org\/{rel}","templated":true}]}}