{"id":3411,"date":"2020-07-09T15:21:23","date_gmt":"2020-07-09T13:21:23","guid":{"rendered":"https:\/\/www.lasdefleur.com\/shop\/?post_type=product&#038;p=3411"},"modified":"2026-05-11T15:06:44","modified_gmt":"2026-05-11T13:06:44","slug":"bouquet-romantique","status":"publish","type":"product","link":"https:\/\/www.lasdefleur.com\/shop\/boutique\/bouquets\/bouquet-romantique\/","title":{"rendered":"Bouquet romantique"},"content":{"rendered":"<p>Tout en rondeur, tout en douceur. Ce bouquet vous apportera calme et s\u00e9r\u00e9nit\u00e9. Cette association de fleurs de couleur rose poudr\u00e9, cr\u00e8me, donne \u00e0 celui qui le regarde un effet relaxant.<\/p>\n<p>*Le volume du bouquet et le choix des fleurs peuvent varier en fonction du prix des fleurs et de la saison<\/p>\n<div id=\"ConnectiveDocSignExtentionInstalled\" data-extension-version=\"1.0.4\"><\/div>\n","protected":false},"excerpt":{"rendered":"<p>Tout en rondeur, tout en douceur. Ce bouquet vous apportera calme et s\u00e9r\u00e9nit\u00e9. Cette association de fleurs de couleur rose poudr\u00e9, cr\u00e8me, donne \u00e0 celui qui le regarde un effet relaxant.<\/p>\n<p>*Le volume du bouquet et le choix des fleurs peuvent varier en fonction du prix des fleurs et de la saison<\/p>\n<div id=\"ConnectiveDocSignExtentionInstalled\" data-extension-version=\"1.0.4\"><\/div>\n","protected":false},"featured_media":9265,"template":"","meta":[],"product_brand":[],"product_cat":[68,99],"product_tag":[],"class_list":{"0":"post-3411","1":"product","2":"type-product","3":"status-publish","4":"has-post-thumbnail","6":"product_cat-bouquets","7":"product_cat-page-daccueil","9":"first","10":"outofstock","11":"taxable","12":"shipping-taxable","13":"purchasable","14":"product-type-variable"},"_links":{"self":[{"href":"https:\/\/www.lasdefleur.com\/shop\/wp-json\/wp\/v2\/product\/3411","targetHints":{"allow":["GET"]}}],"collection":[{"href":"https:\/\/www.lasdefleur.com\/shop\/wp-json\/wp\/v2\/product"}],"about":[{"href":"https:\/\/www.lasdefleur.com\/shop\/wp-json\/wp\/v2\/types\/product"}],"wp:featuredmedia":[{"embeddable":true,"href":"https:\/\/www.lasdefleur.com\/shop\/wp-json\/wp\/v2\/media\/9265"}],"wp:attachment":[{"href":"https:\/\/www.lasdefleur.com\/shop\/wp-json\/wp\/v2\/media?parent=3411"}],"wp:term":[{"taxonomy":"product_brand","embeddable":true,"href":"https:\/\/www.lasdefleur.com\/shop\/wp-json\/wp\/v2\/product_brand?post=3411"},{"taxonomy":"product_cat","embeddable":true,"href":"https:\/\/www.lasdefleur.com\/shop\/wp-json\/wp\/v2\/product_cat?post=3411"},{"taxonomy":"product_tag","embeddable":true,"href":"https:\/\/www.lasdefleur.com\/shop\/wp-json\/wp\/v2\/product_tag?post=3411"}],"curies":[{"name":"wp","href":"https:\/\/api.w.org\/{rel}","templated":true}]}}