{"id":3420,"date":"2020-07-09T15:21:49","date_gmt":"2020-07-09T13:21:49","guid":{"rendered":"https:\/\/www.lasdefleur.com\/shop\/?post_type=product&#038;p=3420"},"modified":"2026-03-23T15:00:24","modified_gmt":"2026-03-23T14:00:24","slug":"bouquet-clementine","status":"publish","type":"product","link":"https:\/\/www.lasdefleur.com\/shop\/boutique\/bouquets\/bouquet-clementine\/","title":{"rendered":"Bouquet Ines"},"content":{"rendered":"<p>Des couleurs chaudes, de la vie. Voici un bouquet solaire qui vous apportera bonne humeur et dynamisme. Ses tons orang\u00e9s-saumon\u00e9s lui donnent une impression de boule de feu. Un bouquet qui donne la p\u00eache!!!<\/p>\n<p>*Le volume du bouquet et le choix des fleurs peuvent varier en fonction du prix des fleurs et de la saison<\/p>\n<div id=\"ConnectiveDocSignExtentionInstalled\" data-extension-version=\"1.0.4\"><\/div>\n","protected":false},"excerpt":{"rendered":"<p>Du pep&rsquo;s, des couleurs chaudes, de la vie. Voici un bouquet solaire qui vous apportera bonne humeur et dynamisme. Ses tons orang\u00e9s lui donnent une impression de boule de feu. Un bouquet qui donne envie de faire la f\u00eate!!!<\/p>\n<p>*Le volume du bouquet et le choix des fleurs peuvent varier en fonction du prix des fleurs et de la saison<\/p>\n<div id=\"ConnectiveDocSignExtentionInstalled\" data-extension-version=\"1.0.4\"><\/div>\n","protected":false},"featured_media":9269,"template":"","meta":[],"product_brand":[],"product_cat":[68,99],"product_tag":[],"class_list":{"0":"post-3420","1":"product","2":"type-product","3":"status-publish","4":"has-post-thumbnail","6":"product_cat-bouquets","7":"product_cat-page-daccueil","9":"first","10":"instock","11":"taxable","12":"shipping-taxable","13":"purchasable","14":"product-type-variable"},"_links":{"self":[{"href":"https:\/\/www.lasdefleur.com\/shop\/wp-json\/wp\/v2\/product\/3420","targetHints":{"allow":["GET"]}}],"collection":[{"href":"https:\/\/www.lasdefleur.com\/shop\/wp-json\/wp\/v2\/product"}],"about":[{"href":"https:\/\/www.lasdefleur.com\/shop\/wp-json\/wp\/v2\/types\/product"}],"wp:featuredmedia":[{"embeddable":true,"href":"https:\/\/www.lasdefleur.com\/shop\/wp-json\/wp\/v2\/media\/9269"}],"wp:attachment":[{"href":"https:\/\/www.lasdefleur.com\/shop\/wp-json\/wp\/v2\/media?parent=3420"}],"wp:term":[{"taxonomy":"product_brand","embeddable":true,"href":"https:\/\/www.lasdefleur.com\/shop\/wp-json\/wp\/v2\/product_brand?post=3420"},{"taxonomy":"product_cat","embeddable":true,"href":"https:\/\/www.lasdefleur.com\/shop\/wp-json\/wp\/v2\/product_cat?post=3420"},{"taxonomy":"product_tag","embeddable":true,"href":"https:\/\/www.lasdefleur.com\/shop\/wp-json\/wp\/v2\/product_tag?post=3420"}],"curies":[{"name":"wp","href":"https:\/\/api.w.org\/{rel}","templated":true}]}}