{"id":3749,"date":"2020-09-20T17:55:21","date_gmt":"2020-09-20T15:55:21","guid":{"rendered":"https:\/\/www.lasdefleur.com\/shop\/?post_type=product&#038;p=3749"},"modified":"2026-04-22T10:08:57","modified_gmt":"2026-04-22T08:08:57","slug":"orchidee-simple-son-pot","status":"publish","type":"product","link":"https:\/\/www.lasdefleur.com\/shop\/boutique\/page-daccueil\/orchidee-simple-son-pot\/","title":{"rendered":"Orchid\u00e9e + son pot"},"content":{"rendered":"<p>&nbsp;<\/p>\n<div id=\"ConnectiveDocSignExtentionInstalled\" data-extension-version=\"1.0.4\"><\/div>\n","protected":false},"excerpt":{"rendered":"<p>Magnifique orchid\u00e9e Phalaenopsis blanche \u00e0 deux tiges accompagn\u00e9e de son pot. D&rsquo;une hauteur de +\/- 60cm, elle se plaira dans une pi\u00e8ce bien \u00e9clair\u00e9e \u00e0 l&rsquo;abri des courants d&rsquo;air.<\/p>\n<div id=\"ConnectiveDocSignExtentionInstalled\" data-extension-version=\"1.0.4\"><\/div>\n","protected":false},"featured_media":9032,"template":"","meta":[],"product_brand":[],"product_cat":[99,71],"product_tag":[],"class_list":{"0":"post-3749","1":"product","2":"type-product","3":"status-publish","4":"has-post-thumbnail","6":"product_cat-page-daccueil","7":"product_cat-plantes","9":"first","10":"instock","11":"taxable","12":"shipping-taxable","13":"purchasable","14":"product-type-simple"},"_links":{"self":[{"href":"https:\/\/www.lasdefleur.com\/shop\/wp-json\/wp\/v2\/product\/3749","targetHints":{"allow":["GET"]}}],"collection":[{"href":"https:\/\/www.lasdefleur.com\/shop\/wp-json\/wp\/v2\/product"}],"about":[{"href":"https:\/\/www.lasdefleur.com\/shop\/wp-json\/wp\/v2\/types\/product"}],"wp:featuredmedia":[{"embeddable":true,"href":"https:\/\/www.lasdefleur.com\/shop\/wp-json\/wp\/v2\/media\/9032"}],"wp:attachment":[{"href":"https:\/\/www.lasdefleur.com\/shop\/wp-json\/wp\/v2\/media?parent=3749"}],"wp:term":[{"taxonomy":"product_brand","embeddable":true,"href":"https:\/\/www.lasdefleur.com\/shop\/wp-json\/wp\/v2\/product_brand?post=3749"},{"taxonomy":"product_cat","embeddable":true,"href":"https:\/\/www.lasdefleur.com\/shop\/wp-json\/wp\/v2\/product_cat?post=3749"},{"taxonomy":"product_tag","embeddable":true,"href":"https:\/\/www.lasdefleur.com\/shop\/wp-json\/wp\/v2\/product_tag?post=3749"}],"curies":[{"name":"wp","href":"https:\/\/api.w.org\/{rel}","templated":true}]}}