{"id":4613,"date":"2020-11-28T09:56:04","date_gmt":"2020-11-28T08:56:04","guid":{"rendered":"https:\/\/www.lasdefleur.com\/shop\/?post_type=product&#038;p=4613"},"modified":"2024-02-06T21:52:12","modified_gmt":"2024-02-06T20:52:12","slug":"carte-cadeau","status":"publish","type":"product","link":"https:\/\/www.lasdefleur.com\/shop\/boutique\/bouquets\/carte-cadeau\/","title":{"rendered":"Bon cadeau"},"content":{"rendered":"<p>[vc_row][vc_column][vc_column_text]En panne d&rsquo;id\u00e9e cadeau?<\/p>\n<p>Offrez une carte cadeau \u00e0 la personne de votre choix. La carte peut soit vous \u00eatre envoy\u00e9e chez vous ou chez la personne de votre choix. Elle recevra un code promo \u00e0 utiliser sur notre webshop.<\/p>\n<p>Le bon est valable 18 mois.[\/vc_column_text][\/vc_column][\/vc_row]<\/p>\n<div id=\"ConnectiveDocSignExtentionInstalled\" data-extension-version=\"1.0.4\"><\/div>\n","protected":false},"excerpt":{"rendered":"<p>En panne d&rsquo;id\u00e9e cadeau?<\/p>\n<p>Offrez une carte cadeau \u00e0 la personne de votre choix. La carte peut soit vous \u00eatre envoy\u00e9e chez vous ou chez la personne de votre choix. Elle recevra un code promo \u00e0 utiliser sur notre webshop.<\/p>\n<p>Le bon est valable 18 mois.<\/p>\n<div id=\"ConnectiveDocSignExtentionInstalled\" data-extension-version=\"1.0.4\"><\/div>\n","protected":false},"featured_media":8987,"template":"","meta":[],"product_brand":[],"product_cat":[68],"product_tag":[],"class_list":{"0":"post-4613","1":"product","2":"type-product","3":"status-publish","4":"has-post-thumbnail","6":"product_cat-bouquets","8":"first","9":"instock","10":"taxable","11":"shipping-taxable","12":"purchasable","13":"product-type-variable"},"_links":{"self":[{"href":"https:\/\/www.lasdefleur.com\/shop\/wp-json\/wp\/v2\/product\/4613","targetHints":{"allow":["GET"]}}],"collection":[{"href":"https:\/\/www.lasdefleur.com\/shop\/wp-json\/wp\/v2\/product"}],"about":[{"href":"https:\/\/www.lasdefleur.com\/shop\/wp-json\/wp\/v2\/types\/product"}],"wp:featuredmedia":[{"embeddable":true,"href":"https:\/\/www.lasdefleur.com\/shop\/wp-json\/wp\/v2\/media\/8987"}],"wp:attachment":[{"href":"https:\/\/www.lasdefleur.com\/shop\/wp-json\/wp\/v2\/media?parent=4613"}],"wp:term":[{"taxonomy":"product_brand","embeddable":true,"href":"https:\/\/www.lasdefleur.com\/shop\/wp-json\/wp\/v2\/product_brand?post=4613"},{"taxonomy":"product_cat","embeddable":true,"href":"https:\/\/www.lasdefleur.com\/shop\/wp-json\/wp\/v2\/product_cat?post=4613"},{"taxonomy":"product_tag","embeddable":true,"href":"https:\/\/www.lasdefleur.com\/shop\/wp-json\/wp\/v2\/product_tag?post=4613"}],"curies":[{"name":"wp","href":"https:\/\/api.w.org\/{rel}","templated":true}]}}